{"id":1834,"date":"2025-05-27T10:06:27","date_gmt":"2025-05-27T08:06:27","guid":{"rendered":"https:\/\/artmarc.be\/?page_id=1834"},"modified":"2026-03-30T12:19:25","modified_gmt":"2026-03-30T10:19:25","slug":"sculptures-en-argile-toute-mes-realisations","status":"publish","type":"page","link":"http:\/\/artmarc.be\/?page_id=1834","title":{"rendered":"MARC VERMEULEN &#8211; SCULPTURE EN ARGILE &#8211; \u0152UVRES"},"content":{"rendered":"<div id=\"\u00e0-partir-de-vos-photos\"><div class=\"fusion-fullwidth fullwidth-box fusion-builder-row-1 fusion-flex-container nonhundred-percent-fullwidth non-hundred-percent-height-scrolling\" style=\"background-color: rgba(255,255,255,0);background-position: center center;background-repeat: no-repeat;border-width: 0 0 0 0;border-color:#e2e2e2;border-style:solid;\" ><div class=\"fusion-builder-row fusion-row fusion-flex-align-items-flex-start\" style=\"max-width:1248px;margin-left: calc(-4% \/ 2 );margin-right: calc(-4% \/ 2 );\"><div class=\"fusion-layout-column fusion_builder_column fusion-builder-column-0 fusion_builder_column_1_1 1_1 fusion-flex-column\"><div class=\"fusion-column-wrapper fusion-flex-justify-content-flex-start fusion-content-layout-column\" style=\"background-position:left top;background-repeat:no-repeat;-webkit-background-size:cover;-moz-background-size:cover;-o-background-size:cover;background-size:cover;border-radius:30px 30px 30px 30px;background-color:#ffffff;border-radius:30px 30px 30px 30px;overflow:hidden;padding: 20px 20px 0px 20px;\"><div style=\"text-align:center;\"><style>.fusion-button.button-1{border-color:#ffffff;border-width:1px 1px 1px 1px;border-radius:40px 40px 40px 40px;background:#cf5531;font-family:\"Roboto\";font-weight:400;}.fusion-button.button-1 .fusion-button-text,.fusion-button.button-1 i,.fusion-button.button-1:hover .fusion-button-text,.fusion-button.button-1:hover i,.fusion-button.button-1:focus .fusion-button-text,.fusion-button.button-1:focus i,.fusion-button.button-1:active .fusion-button-text,.fusion-button.button-1:active i{color:#ffffff;}.fusion-button.button-1:hover,.fusion-button.button-1:active,.fusion-button.button-1:focus{border-color:#ffffff;border-width:1px 1px 1px 1px;background:#cf5531;}<\/style><a class=\"fusion-button button-flat button-xlarge button-custom button-1 fusion-button-default-span fusion-button-default-type\" target=\"_self\" href=\"https:\/\/artmarc.be\/?page_id=1239\" style=\"margin-top:0px;margin-right:0px;margin-bottom:15px;margin-left:0px;\"><i class=\"fa-dice-d6 fas button-icon-left\" aria-hidden=\"true\"><\/i><span class=\"fusion-button-text\">SCULPTURES A PARTIR D&rsquo;IDEES OU CONCEPTS<\/span><\/a><\/div><style type=\"text\/css\">@media only screen and (max-width:1024px) {.fusion-title.fusion-title-1{margin-top:0px!important; margin-right:0px!important;margin-bottom:0px!important;margin-left:0px!important;}}@media only screen and (max-width:500px) {.fusion-title.fusion-title-1{margin-top:10px!important; margin-right:0px!important;margin-bottom:10px!important; margin-left:0px!important;}}<\/style><div class=\"fusion-title title fusion-title-1 fusion-sep-none fusion-title-center fusion-title-text fusion-title-size-one\" style=\"font-size:32px;margin-top:0px;margin-right:0px;margin-bottom:0px;margin-left:0px;\"><h1 class=\"title-heading-center\" style=\"font-family:&quot;poiret one&quot;;font-weight:400;margin:0;font-size:1em;\"><p style=\"text-align: center;\"><span style=\"color: #bb452b; font-family: poiret one;\"><span style=\"font-size: 32px;\">Imagin\u00e9es ensemble ou \u00e0 partir de vos id\u00e9es<\/span><\/span><\/p><\/h1><\/div><\/div><style type=\"text\/css\">.fusion-body .fusion-builder-column-0{width:100% !important;margin-top : 0px;margin-bottom : 30px;}.fusion-builder-column-0 > .fusion-column-wrapper {padding-top : 20 !important;padding-right : 20 !important;margin-right : 0;padding-bottom : 0 !important;padding-left : 20 !important;margin-left : 0;}@media only screen and (max-width:1024px) {.fusion-body .fusion-builder-column-0{width:100% !important;order : 0;}.fusion-builder-column-0 > .fusion-column-wrapper {margin-right : 0;margin-left : 0;}}@media only screen and (max-width:500px) {.fusion-body .fusion-builder-column-0{width:100% !important;order : 0;}.fusion-builder-column-0 > .fusion-column-wrapper {margin-right : 1.92%;margin-left : 1.92%;}}<\/style><\/div><div class=\"fusion-layout-column fusion_builder_column fusion-builder-column-1 fusion_builder_column_1_4 1_4 fusion-flex-column\"><div class=\"fusion-column-wrapper fusion-flex-justify-content-flex-start fusion-content-layout-column\" style=\"background-position:left top;background-repeat:no-repeat;-webkit-background-size:cover;-moz-background-size:cover;-o-background-size:cover;background-size:cover;border-radius:30px 30px 30px 30px;background-color:#ffffff;border-radius:30px 30px 30px 30px;overflow:hidden;padding: 20px 20px 0px 20px;\"><\/div><style type=\"text\/css\">.fusion-body .fusion-builder-column-1{width:25% !important;margin-top : 0px;margin-bottom : 30px;}.fusion-builder-column-1 > .fusion-column-wrapper {padding-top : 20 !important;padding-right : 20 !important;margin-right : 0;padding-bottom : 0 !important;padding-left : 20 !important;margin-left : 0;}@media only screen and (max-width:1024px) {.fusion-body .fusion-builder-column-1{width:25% !important;order : 0;}.fusion-builder-column-1 > .fusion-column-wrapper {margin-right : 0;margin-left : 0;}}@media only screen and (max-width:500px) {.fusion-body .fusion-builder-column-1{width:100% !important;order : 0;}.fusion-builder-column-1 > .fusion-column-wrapper {margin-right : 1.92%;margin-left : 1.92%;}}<\/style><\/div><div class=\"fusion-layout-column fusion_builder_column fusion-builder-column-2 fusion_builder_column_1_2 1_2 fusion-flex-column\"><div class=\"fusion-column-wrapper fusion-flex-justify-content-flex-start fusion-content-layout-column\" style=\"background-position:left top;background-repeat:no-repeat;-webkit-background-size:cover;-moz-background-size:cover;-o-background-size:cover;background-size:cover;border-radius:30px 30px 30px 30px;background-color:#ffffff;border-radius:30px 30px 30px 30px;overflow:hidden;padding: 20px 20px 0px 20px;\"><div class=\"fusion-image-carousel fusion-image-carousel-auto fusion-image-carousel-1\"><div class=\"fusion-carousel\" data-autoplay=\"yes\" data-columns=\"3\" data-itemmargin=\"5\" data-itemwidth=\"180\" data-touchscroll=\"no\" data-imagesize=\"auto\"><div class=\"fusion-carousel-positioner\"><ul class=\"fusion-carousel-holder\"><li class=\"fusion-carousel-item\"><div class=\"fusion-carousel-item-wrapper\"><div class=\"fusion-image-wrapper hover-type-zoomin\"><img decoding=\"async\" width=\"227\" height=\"227\" src=\"http:\/\/artmarc.be\/wp-content\/uploads\/2025\/05\/marc-vermeulen-sculpture-atelier-terre-argile-orp-jauche-char-a-voile-livre-1.jpg\" class=\"attachment-full size-full\" alt=\"marc-vermeulen-sculpture-atelier-terre-argile-orp-jauche-char-a-voile-livre\" srcset=\"http:\/\/artmarc.be\/wp-content\/uploads\/2025\/05\/marc-vermeulen-sculpture-atelier-terre-argile-orp-jauche-char-a-voile-livre-1-200x200.jpg 200w, http:\/\/artmarc.be\/wp-content\/uploads\/2025\/05\/marc-vermeulen-sculpture-atelier-terre-argile-orp-jauche-char-a-voile-livre-1.jpg 227w\" sizes=\"(min-width: 2200px) 100vw, (min-width: 784px) 397px, (min-width: 712px) 595px, (min-width: 640px) 712px, \" \/><\/div><\/div><\/li><li class=\"fusion-carousel-item\"><div class=\"fusion-carousel-item-wrapper\"><div class=\"fusion-image-wrapper hover-type-zoomin\"><img decoding=\"async\" width=\"227\" height=\"227\" src=\"http:\/\/artmarc.be\/wp-content\/uploads\/2025\/05\/marc-vermeulen-sculpture-atelier-terre-argile-orp-jauche-oiseau-note-musique-1.jpg\" class=\"attachment-full size-full\" alt=\"marc-vermeulen-sculpture-atelier-terre-argile-orp-jauche-oiseau-note-musique\" srcset=\"http:\/\/artmarc.be\/wp-content\/uploads\/2025\/05\/marc-vermeulen-sculpture-atelier-terre-argile-orp-jauche-oiseau-note-musique-1-200x200.jpg 200w, http:\/\/artmarc.be\/wp-content\/uploads\/2025\/05\/marc-vermeulen-sculpture-atelier-terre-argile-orp-jauche-oiseau-note-musique-1.jpg 227w\" sizes=\"(min-width: 2200px) 100vw, (min-width: 784px) 397px, (min-width: 712px) 595px, (min-width: 640px) 712px, \" \/><\/div><\/div><\/li><li class=\"fusion-carousel-item\"><div class=\"fusion-carousel-item-wrapper\"><div class=\"fusion-image-wrapper hover-type-zoomin\"><img decoding=\"async\" width=\"227\" height=\"227\" src=\"http:\/\/artmarc.be\/wp-content\/uploads\/2025\/05\/marc-vermeulen-sculpture-atelier-terre-argile-orp-jauche-tortur-vitesse-stabilisateur-1.jpg\" class=\"attachment-full size-full\" alt=\"marc-vermeulen-sculpture-atelier-terre-argile-orp-jauche-tortue-vitesse-stabilisateur\" srcset=\"http:\/\/artmarc.be\/wp-content\/uploads\/2025\/05\/marc-vermeulen-sculpture-atelier-terre-argile-orp-jauche-tortur-vitesse-stabilisateur-1-200x200.jpg 200w, http:\/\/artmarc.be\/wp-content\/uploads\/2025\/05\/marc-vermeulen-sculpture-atelier-terre-argile-orp-jauche-tortur-vitesse-stabilisateur-1.jpg 227w\" sizes=\"(min-width: 2200px) 100vw, (min-width: 784px) 397px, (min-width: 712px) 595px, (min-width: 640px) 712px, \" \/><\/div><\/div><\/li><\/ul><\/div><\/div><\/div><\/div><style type=\"text\/css\">.fusion-body .fusion-builder-column-2{width:50% !important;margin-top : 0px;margin-bottom : 30px;}.fusion-builder-column-2 > .fusion-column-wrapper {padding-top : 20 !important;padding-right : 20 !important;margin-right : 0;padding-bottom : 0 !important;padding-left : 20 !important;margin-left : 0;}@media only screen and (max-width:1024px) {.fusion-body .fusion-builder-column-2{width:50% !important;order : 0;}.fusion-builder-column-2 > .fusion-column-wrapper {margin-right : 0;margin-left : 0;}}@media only screen and (max-width:500px) {.fusion-body .fusion-builder-column-2{width:100% !important;order : 0;}.fusion-builder-column-2 > .fusion-column-wrapper {margin-right : 1.92%;margin-left : 1.92%;}}<\/style><\/div><div class=\"fusion-layout-column fusion_builder_column fusion-builder-column-3 fusion_builder_column_1_4 1_4 fusion-flex-column\"><div class=\"fusion-column-wrapper fusion-flex-justify-content-flex-start fusion-content-layout-column\" style=\"background-position:left top;background-repeat:no-repeat;-webkit-background-size:cover;-moz-background-size:cover;-o-background-size:cover;background-size:cover;border-radius:30px 30px 30px 30px;background-color:#ffffff;border-radius:30px 30px 30px 30px;overflow:hidden;padding: 20px 20px 0px 20px;\"><\/div><style type=\"text\/css\">.fusion-body .fusion-builder-column-3{width:25% !important;margin-top : 0px;margin-bottom : 30px;}.fusion-builder-column-3 > .fusion-column-wrapper {padding-top : 20 !important;padding-right : 20 !important;margin-right : 0;padding-bottom : 0 !important;padding-left : 20 !important;margin-left : 0;}@media only screen and (max-width:1024px) {.fusion-body .fusion-builder-column-3{width:25% !important;order : 0;}.fusion-builder-column-3 > .fusion-column-wrapper {margin-right : 0;margin-left : 0;}}@media only screen and (max-width:500px) {.fusion-body .fusion-builder-column-3{width:100% !important;order : 0;}.fusion-builder-column-3 > .fusion-column-wrapper {margin-right : 1.92%;margin-left : 1.92%;}}<\/style><\/div><div class=\"fusion-layout-column fusion_builder_column fusion-builder-column-4 fusion_builder_column_1_1 1_1 fusion-flex-column\"><div class=\"fusion-column-wrapper fusion-flex-justify-content-flex-start fusion-content-layout-column\" style=\"background-position:left top;background-repeat:no-repeat;-webkit-background-size:cover;-moz-background-size:cover;-o-background-size:cover;background-size:cover;border-radius:30px 30px 30px 30px;background-color:#ffffff;border-radius:30px 30px 30px 30px;overflow:hidden;padding: 20px 20px 0px 20px;\"><div style=\"text-align:center;\"><style>.fusion-button.button-2{border-color:#ffffff;border-width:1px 1px 1px 1px;border-radius:40px 40px 40px 40px;background:#cf5531;font-family:\"Roboto\";font-weight:400;}.fusion-button.button-2 .fusion-button-text,.fusion-button.button-2 i,.fusion-button.button-2:hover .fusion-button-text,.fusion-button.button-2:hover i,.fusion-button.button-2:focus .fusion-button-text,.fusion-button.button-2:focus i,.fusion-button.button-2:active .fusion-button-text,.fusion-button.button-2:active i{color:#ffffff;}.fusion-button.button-2:hover,.fusion-button.button-2:active,.fusion-button.button-2:focus{border-color:#ffffff;border-width:1px 1px 1px 1px;background:#cf5531;}<\/style><a class=\"fusion-button button-flat button-xlarge button-custom button-2 fusion-button-default-span fusion-button-default-type\" target=\"_self\" href=\"https:\/\/artmarc.be\/?page_id=93\" style=\"margin-top:0px;margin-right:0px;margin-bottom:15px;margin-left:0px;\"><i class=\"fa-camera fas button-icon-left\" aria-hidden=\"true\"><\/i><span class=\"fusion-button-text\">SCULPTURE A PARTIR DE VOTRE PORTRAIT<\/span><\/a><\/div><style type=\"text\/css\">@media only screen and (max-width:1024px) {.fusion-title.fusion-title-2{margin-top:0px!important; margin-right:0px!important;margin-bottom:0px!important;margin-left:0px!important;}}@media only screen and (max-width:500px) {.fusion-title.fusion-title-2{margin-top:10px!important; margin-right:0px!important;margin-bottom:10px!important; margin-left:0px!important;}}<\/style><div class=\"fusion-title title fusion-title-2 fusion-sep-none fusion-title-center fusion-title-text fusion-title-size-one\" style=\"font-size:32px;margin-top:0px;margin-right:0px;margin-bottom:0px;margin-left:0px;\"><h1 class=\"title-heading-center\" style=\"font-family:&quot;poiret one&quot;;font-weight:400;margin:0;font-size:1em;\"><p style=\"text-align: center;\"><span style=\"color: #bb452b; font-family: poiret one;\"><span style=\"font-size: 32px;\">Une richesse qui vous accompagnera toujours<\/span><\/span><\/p><\/h1><\/div><\/div><style type=\"text\/css\">.fusion-body .fusion-builder-column-4{width:100% !important;margin-top : 0px;margin-bottom : 40px;}.fusion-builder-column-4 > .fusion-column-wrapper {padding-top : 20 !important;padding-right : 20 !important;margin-right : 0;padding-bottom : 0 !important;padding-left : 20 !important;margin-left : 0;}@media only screen and (max-width:1024px) {.fusion-body .fusion-builder-column-4{width:100% !important;order : 0;}.fusion-builder-column-4 > .fusion-column-wrapper {margin-right : 0;margin-left : 0;}}@media only screen and (max-width:500px) {.fusion-body .fusion-builder-column-4{width:100% !important;order : 0;}.fusion-builder-column-4 > .fusion-column-wrapper {margin-right : 1.92%;margin-left : 1.92%;}}<\/style><\/div><div class=\"fusion-layout-column fusion_builder_column fusion-builder-column-5 fusion_builder_column_1_4 1_4 fusion-flex-column\"><div class=\"fusion-column-wrapper fusion-flex-justify-content-flex-start fusion-content-layout-column\" style=\"background-position:left top;background-repeat:no-repeat;-webkit-background-size:cover;-moz-background-size:cover;-o-background-size:cover;background-size:cover;border-radius:30px 30px 30px 30px;background-color:#ffffff;border-radius:30px 30px 30px 30px;overflow:hidden;padding: 20px 20px 0px 20px;\"><\/div><style type=\"text\/css\">.fusion-body .fusion-builder-column-5{width:25% !important;margin-top : 0px;margin-bottom : 30px;}.fusion-builder-column-5 > .fusion-column-wrapper {padding-top : 20 !important;padding-right : 20 !important;margin-right : 0;padding-bottom : 0 !important;padding-left : 20 !important;margin-left : 0;}@media only screen and (max-width:1024px) {.fusion-body .fusion-builder-column-5{width:25% !important;order : 0;}.fusion-builder-column-5 > .fusion-column-wrapper {margin-right : 0;margin-left : 0;}}@media only screen and (max-width:500px) {.fusion-body .fusion-builder-column-5{width:100% !important;order : 0;}.fusion-builder-column-5 > .fusion-column-wrapper {margin-right : 1.92%;margin-left : 1.92%;}}<\/style><\/div><div class=\"fusion-layout-column fusion_builder_column fusion-builder-column-6 fusion_builder_column_1_2 1_2 fusion-flex-column\"><div class=\"fusion-column-wrapper fusion-flex-justify-content-flex-start fusion-content-layout-column\" style=\"background-position:left top;background-repeat:no-repeat;-webkit-background-size:cover;-moz-background-size:cover;-o-background-size:cover;background-size:cover;border-radius:30px 30px 30px 30px;background-color:#ffffff;border-radius:30px 30px 30px 30px;overflow:hidden;padding: 20px 20px 0px 20px;\"><div class=\"fusion-image-carousel fusion-image-carousel-auto fusion-image-carousel-2\"><div class=\"fusion-carousel\" data-autoplay=\"yes\" data-columns=\"3\" data-itemmargin=\"5\" data-itemwidth=\"180\" data-touchscroll=\"no\" data-imagesize=\"auto\"><div class=\"fusion-carousel-positioner\"><ul class=\"fusion-carousel-holder\"><li class=\"fusion-carousel-item\"><div class=\"fusion-carousel-item-wrapper\"><div class=\"fusion-image-wrapper hover-type-zoomin\"><img decoding=\"async\" width=\"227\" height=\"227\" src=\"http:\/\/artmarc.be\/wp-content\/uploads\/2025\/05\/marc-vermeulen-sculpture-atelier-terre-argile-orp-jauche-musicien-musique-violoncelle.jpg\" class=\"attachment-full size-full\" alt=\"marc-vermeulen-sculpture-atelier-terre-argile-orp-jauche-musicien-musique-violoncelle\" srcset=\"http:\/\/artmarc.be\/wp-content\/uploads\/2025\/05\/marc-vermeulen-sculpture-atelier-terre-argile-orp-jauche-musicien-musique-violoncelle-200x200.jpg 200w, http:\/\/artmarc.be\/wp-content\/uploads\/2025\/05\/marc-vermeulen-sculpture-atelier-terre-argile-orp-jauche-musicien-musique-violoncelle.jpg 227w\" sizes=\"(min-width: 2200px) 100vw, (min-width: 712px) 598px, (min-width: 640px) 712px, \" \/><\/div><\/div><\/li><li class=\"fusion-carousel-item\"><div class=\"fusion-carousel-item-wrapper\"><div class=\"fusion-image-wrapper hover-type-zoomin\"><img decoding=\"async\" width=\"227\" height=\"227\" src=\"http:\/\/artmarc.be\/wp-content\/uploads\/2025\/05\/marc-vermeulen-sculpture-atelier-terre-argile-orp-jauche-couple-visage.jpg\" class=\"attachment-full size-full\" alt=\"marc-vermeulen-sculpture-atelier-terre-argile-orp-jauche-couple-visage\" srcset=\"http:\/\/artmarc.be\/wp-content\/uploads\/2025\/05\/marc-vermeulen-sculpture-atelier-terre-argile-orp-jauche-couple-visage-200x200.jpg 200w, http:\/\/artmarc.be\/wp-content\/uploads\/2025\/05\/marc-vermeulen-sculpture-atelier-terre-argile-orp-jauche-couple-visage.jpg 227w\" sizes=\"(min-width: 2200px) 100vw, (min-width: 712px) 598px, (min-width: 640px) 712px, \" \/><\/div><\/div><\/li><\/ul><\/div><\/div><\/div><\/div><style type=\"text\/css\">.fusion-body .fusion-builder-column-6{width:50% !important;margin-top : 0px;margin-bottom : 40px;}.fusion-builder-column-6 > .fusion-column-wrapper {padding-top : 20 !important;padding-right : 20 !important;margin-right : 0;padding-bottom : 0 !important;padding-left : 20 !important;margin-left : 0;}@media only screen and (max-width:1024px) {.fusion-body .fusion-builder-column-6{width:50% !important;order : 0;}.fusion-builder-column-6 > .fusion-column-wrapper {margin-right : 0;margin-left : 0;}}@media only screen and (max-width:500px) {.fusion-body .fusion-builder-column-6{width:100% !important;order : 0;}.fusion-builder-column-6 > .fusion-column-wrapper {margin-right : 1.92%;margin-left : 1.92%;}}<\/style><\/div><div class=\"fusion-layout-column fusion_builder_column fusion-builder-column-7 fusion_builder_column_1_4 1_4 fusion-flex-column\"><div class=\"fusion-column-wrapper fusion-flex-justify-content-flex-start fusion-content-layout-column\" style=\"background-position:left top;background-repeat:no-repeat;-webkit-background-size:cover;-moz-background-size:cover;-o-background-size:cover;background-size:cover;border-radius:30px 30px 30px 30px;background-color:#ffffff;border-radius:30px 30px 30px 30px;overflow:hidden;padding: 20px 20px 0px 20px;\"><\/div><style type=\"text\/css\">.fusion-body .fusion-builder-column-7{width:25% !important;margin-top : 0px;margin-bottom : 30px;}.fusion-builder-column-7 > .fusion-column-wrapper {padding-top : 20 !important;padding-right : 20 !important;margin-right : 0;padding-bottom : 0 !important;padding-left : 20 !important;margin-left : 0;}@media only screen and (max-width:1024px) {.fusion-body .fusion-builder-column-7{width:25% !important;order : 0;}.fusion-builder-column-7 > .fusion-column-wrapper {margin-right : 0;margin-left : 0;}}@media only screen and (max-width:500px) {.fusion-body .fusion-builder-column-7{width:100% !important;order : 0;}.fusion-builder-column-7 > .fusion-column-wrapper {margin-right : 1.92%;margin-left : 1.92%;}}<\/style><\/div><div class=\"fusion-layout-column fusion_builder_column fusion-builder-column-8 fusion_builder_column_1_1 1_1 fusion-flex-column\"><div class=\"fusion-column-wrapper fusion-flex-justify-content-flex-start fusion-content-layout-column\" style=\"background-position:left top;background-repeat:no-repeat;-webkit-background-size:cover;-moz-background-size:cover;-o-background-size:cover;background-size:cover;padding: 0px 0px 0px 0px;\"><div style=\"text-align:center;\"><style>.fusion-button.button-3{border-color:#ffffff;border-width:1px 1px 1px 1px;border-radius:40px 40px 40px 40px;background:#bb452b;font-family:\"Roboto\";font-weight:400;}.fusion-button.button-3 .fusion-button-text,.fusion-button.button-3 i,.fusion-button.button-3:hover .fusion-button-text,.fusion-button.button-3:hover i,.fusion-button.button-3:focus .fusion-button-text,.fusion-button.button-3:focus i,.fusion-button.button-3:active .fusion-button-text,.fusion-button.button-3:active i{color:#ffffff;}.fusion-button.button-3:hover,.fusion-button.button-3:active,.fusion-button.button-3:focus{border-color:#ffffff;border-width:1px 1px 1px 1px;background:#bb452b;}<\/style><a class=\"fusion-button button-flat button-xlarge button-custom button-3 fusion-button-default-span fusion-button-default-type\" target=\"_self\" href=\"https:\/\/artmarc.be\/\" style=\"margin-top:0px;\"><i class=\"fa-hand-point-right fas button-icon-left\" aria-hidden=\"true\"><\/i><span class=\"fusion-button-text\">ACCUEIL<\/span><\/a><\/div><\/div><style type=\"text\/css\">.fusion-body .fusion-builder-column-8{width:100% !important;margin-top : 0px;margin-bottom : 0px;}.fusion-builder-column-8 > .fusion-column-wrapper {padding-top : 0 !important;padding-right : 0 !important;margin-right : 1.92%;padding-bottom : 0 !important;padding-left : 0 !important;margin-left : 1.92%;}@media only screen and (max-width:1024px) {.fusion-body .fusion-builder-column-8{width:100% !important;order : 0;}.fusion-builder-column-8 > .fusion-column-wrapper {margin-right : 1.92%;margin-left : 1.92%;}}@media only screen and (max-width:500px) {.fusion-body .fusion-builder-column-8{width:100% !important;order : 0;}.fusion-builder-column-8 > .fusion-column-wrapper {margin-right : 1.92%;margin-left : 1.92%;}}<\/style><\/div><\/div><style type=\"text\/css\">.fusion-body .fusion-flex-container.fusion-builder-row-1{ padding-top : 0px;margin-top : 0;padding-right : 0px;padding-bottom : 0px;margin-bottom : 0;padding-left : 0px;}<\/style><\/div><\/div>\n","protected":false},"excerpt":{"rendered":"","protected":false},"author":1,"featured_media":0,"parent":0,"menu_order":0,"comment_status":"closed","ping_status":"closed","template":"","meta":{"footnotes":""},"class_list":["post-1834","page","type-page","status-publish","hentry"],"_links":{"self":[{"href":"http:\/\/artmarc.be\/index.php?rest_route=\/wp\/v2\/pages\/1834","targetHints":{"allow":["GET"]}}],"collection":[{"href":"http:\/\/artmarc.be\/index.php?rest_route=\/wp\/v2\/pages"}],"about":[{"href":"http:\/\/artmarc.be\/index.php?rest_route=\/wp\/v2\/types\/page"}],"author":[{"embeddable":true,"href":"http:\/\/artmarc.be\/index.php?rest_route=\/wp\/v2\/users\/1"}],"replies":[{"embeddable":true,"href":"http:\/\/artmarc.be\/index.php?rest_route=%2Fwp%2Fv2%2Fcomments&post=1834"}],"version-history":[{"count":65,"href":"http:\/\/artmarc.be\/index.php?rest_route=\/wp\/v2\/pages\/1834\/revisions"}],"predecessor-version":[{"id":2458,"href":"http:\/\/artmarc.be\/index.php?rest_route=\/wp\/v2\/pages\/1834\/revisions\/2458"}],"wp:attachment":[{"href":"http:\/\/artmarc.be\/index.php?rest_route=%2Fwp%2Fv2%2Fmedia&parent=1834"}],"curies":[{"name":"wp","href":"https:\/\/api.w.org\/{rel}","templated":true}]}}