{"id":1219,"date":"2024-11-26T09:20:32","date_gmt":"2024-11-26T08:20:32","guid":{"rendered":"https:\/\/artmarc.be\/?page_id=1219"},"modified":"2026-03-30T12:17:19","modified_gmt":"2026-03-30T10:17:19","slug":"autres","status":"publish","type":"page","link":"https:\/\/artmarc.be\/?page_id=1219","title":{"rendered":"MARC VERMEULEN &#8211; SCULPTURE en ARGILE &#8211; QUI SUIS-JE ?"},"content":{"rendered":"<div class=\"fusion-fullwidth fullwidth-box fusion-builder-row-1 fusion-flex-container nonhundred-percent-fullwidth non-hundred-percent-height-scrolling\" style=\"background-color: rgba(255,255,255,0);background-position: center center;background-repeat: no-repeat;border-width: 0px 0px 0px 0px;border-color:#e2e2e2;border-style:solid;\" ><div class=\"fusion-builder-row fusion-row fusion-flex-align-items-flex-start\" style=\"max-width:1248px;margin-left: calc(-4% \/ 2 );margin-right: calc(-4% \/ 2 );\"><div class=\"fusion-layout-column fusion_builder_column fusion-builder-column-0 fusion_builder_column_1_1 1_1 fusion-flex-column\"><div class=\"fusion-column-wrapper fusion-flex-justify-content-flex-start fusion-content-layout-column\" style=\"background-position:left top;background-repeat:no-repeat;-webkit-background-size:cover;-moz-background-size:cover;-o-background-size:cover;background-size:cover;background-color:rgba(255,255,255,0);padding: 0px 0px 0px 0px;\"><div class=\"fusion-image-carousel fusion-image-carousel-auto fusion-image-carousel-1\"><div class=\"fusion-carousel\" data-autoplay=\"yes\" data-columns=\"3\" data-itemmargin=\"0\" data-itemwidth=\"180\" data-touchscroll=\"no\" data-imagesize=\"auto\"><div class=\"fusion-carousel-positioner\"><ul class=\"fusion-carousel-holder\"><li class=\"fusion-carousel-item\"><div class=\"fusion-carousel-item-wrapper\"><div class=\"fusion-image-wrapper hover-type-zoomin\"><img decoding=\"async\" width=\"227\" height=\"227\" src=\"https:\/\/artmarc.be\/wp-content\/uploads\/2025\/06\/marc-vermeulen-sculpture-argile-atelier-orp-jauche-chanson-photos-personnages-illustration-graphisme.jpg\" class=\"attachment-full size-full\" alt=\"marc-vermeulen-sculpture-argile-atelier-orp-jauche-chanson-photos-personnages-illustration-graphisme\" srcset=\"https:\/\/artmarc.be\/wp-content\/uploads\/2025\/06\/marc-vermeulen-sculpture-argile-atelier-orp-jauche-chanson-photos-personnages-illustration-graphisme-200x200.jpg 200w, https:\/\/artmarc.be\/wp-content\/uploads\/2025\/06\/marc-vermeulen-sculpture-argile-atelier-orp-jauche-chanson-photos-personnages-illustration-graphisme.jpg 227w\" sizes=\"(min-width: 2200px) 100vw, (min-width: 784px) 400px, (min-width: 712px) 600px, (min-width: 640px) 712px, \" \/><\/div><\/div><\/li><li class=\"fusion-carousel-item\"><div class=\"fusion-carousel-item-wrapper\"><div class=\"fusion-image-wrapper hover-type-zoomin\"><img decoding=\"async\" width=\"227\" height=\"227\" src=\"https:\/\/artmarc.be\/wp-content\/uploads\/2025\/06\/marc-vermeulen-graphisme-sculpture-argile-atelier-orp-jauche-chanson-photos-personnages-illustration.jpg\" class=\"attachment-full size-full\" alt=\"\" srcset=\"https:\/\/artmarc.be\/wp-content\/uploads\/2025\/06\/marc-vermeulen-graphisme-sculpture-argile-atelier-orp-jauche-chanson-photos-personnages-illustration-200x200.jpg 200w, https:\/\/artmarc.be\/wp-content\/uploads\/2025\/06\/marc-vermeulen-graphisme-sculpture-argile-atelier-orp-jauche-chanson-photos-personnages-illustration.jpg 227w\" sizes=\"(min-width: 2200px) 100vw, (min-width: 784px) 400px, (min-width: 712px) 600px, (min-width: 640px) 712px, \" \/><\/div><\/div><\/li><li class=\"fusion-carousel-item\"><div class=\"fusion-carousel-item-wrapper\"><div class=\"fusion-image-wrapper hover-type-zoomin\"><img decoding=\"async\" width=\"227\" height=\"227\" src=\"https:\/\/artmarc.be\/wp-content\/uploads\/2025\/06\/marc-vermeulen-chanson-voix-guitare-texte-parole-sculpture-atelier-sculpture-argile-orp-jauche.jpg\" class=\"attachment-full size-full\" alt=\"marc-vermeulen-chanson-voix-guitare-texte-parole-sculpture-atelier-sculpture-argile-orp-jauche\" srcset=\"https:\/\/artmarc.be\/wp-content\/uploads\/2025\/06\/marc-vermeulen-chanson-voix-guitare-texte-parole-sculpture-atelier-sculpture-argile-orp-jauche-200x200.jpg 200w, https:\/\/artmarc.be\/wp-content\/uploads\/2025\/06\/marc-vermeulen-chanson-voix-guitare-texte-parole-sculpture-atelier-sculpture-argile-orp-jauche.jpg 227w\" sizes=\"(min-width: 2200px) 100vw, (min-width: 784px) 400px, (min-width: 712px) 600px, (min-width: 640px) 712px, \" \/><\/div><\/div><\/li><\/ul><\/div><\/div><\/div><\/div><style type=\"text\/css\">.fusion-body .fusion-builder-column-0{width:100% !important;margin-top : 0px;margin-bottom : 0px;}.fusion-builder-column-0 > .fusion-column-wrapper {padding-top : 0 !important;padding-right : 0 !important;margin-right : 0;padding-bottom : 0 !important;padding-left : 0 !important;margin-left : 0;}@media only screen and (max-width:1024px) {.fusion-body .fusion-builder-column-0{width:100% !important;order : 0;}.fusion-builder-column-0 > .fusion-column-wrapper {margin-right : 0;margin-left : 0;}}@media only screen and (max-width:500px) {.fusion-body .fusion-builder-column-0{width:100% !important;order : 0;}.fusion-builder-column-0 > .fusion-column-wrapper {margin-right : 1.92%;margin-left : 1.92%;}}<\/style><\/div><div class=\"fusion-layout-column fusion_builder_column fusion-builder-column-1 fusion_builder_column_1_1 1_1 fusion-flex-column\"><div class=\"fusion-column-wrapper fusion-flex-justify-content-flex-start fusion-content-layout-column\" style=\"background-position:left top;background-repeat:no-repeat;-webkit-background-size:cover;-moz-background-size:cover;-o-background-size:cover;background-size:cover;padding: 0px 0px 0px 0px;\"><div class=\"fusion-text fusion-text-1 fusion-text-no-margin\" style=\"text-align:center;font-size:24px;color:#ffffff;font-family:&quot;Roboto&quot;;font-weight:300;margin-right:15px;margin-bottom:20px;margin-left:15px;\"><p style=\"text-align: center;\"><span style=\"color: #bb452b;\">La sculpture en argile m&rsquo;a interpell\u00e9 par <strong>sa pr\u00e9sence, sa force expressive et symbolique, sa plasticit\u00e9<\/strong>. Les exp\u00e9riences professionnelles des secteurs graphiques et culturels, les formations artistiques m&rsquo;ont amen\u00e9 \u00e0 vivre de cet art dans<\/span><span style=\"color: #bb452b;\"> mon <strong>atelier \u00e0 Folx-les-Caves<\/strong> (Brabant-Wallon). <\/span><\/p>\n<p style=\"text-align: center;\"><span style=\"color: #bb452b;\">L&rsquo;attirance pour les mati\u00e8res et volumes est n\u00e9e d&rsquo;<strong>une<\/strong> <strong>volont\u00e9 de peindre en relief et de manipuler le ciment et le pl\u00e2tre<\/strong> durant la r\u00e9novation de notre maison. La premi\u00e8re sculpture est une demande sp\u00e9cifique de r\u00e9aliser une famille durant mes ateliers socio-artistiques. <\/span><\/p>\n<p style=\"text-align: center;\"><span style=\"color: #bb452b;\">La pratique du dessin a permis de r\u00e9aliser ce d\u00e9fi : j&rsquo;ai d\u00e9couvert que <strong>sculpter et modeler c&rsquo;est aussi dessiner en volume e<\/strong><\/span><span style=\"color: #bb452b;\"><strong>t j&rsquo;ai senti l&rsquo;\u00e9nergie cr\u00e9ative inh\u00e9rente \u00e0 l&rsquo;argile<\/strong> (voir la page \u00ab\u00a0L&rsquo;argile\u00a0\u00bb). Je partage cet enthousiasme lors des rencontres et \u00e9v\u00e9nements.<\/span><\/p>\n<p style=\"text-align: center;\"><span style=\"color: #bb452b;\">L&rsquo;apprentissage technique s&rsquo;est confirm\u00e9 gr\u00e2ce aux <strong>rencontres d&rsquo;artistes passionn\u00e9.e.s que je remercie infiniment<\/strong>. Franchir les \u00e9tapes de l&rsquo;abstraction \u00e0 la pi\u00e8ce finie ne s&rsquo;improvise pas. <\/span><\/p>\n<p style=\"text-align: center;\"><span style=\"color: #bb452b;\">Choisir l&rsquo;art c&rsquo;est aussi d\u00e9cider de partager son exp\u00e9rience de vie et son ressenti. Absorb\u00e9 par l&rsquo;abstraction depuis toujours, <strong>c&rsquo;est avec l&rsquo;argile que \u00ab\u00a0construire\u00a0\u00bb la beaut\u00e9 est encore plus fascinant<\/strong>. C&rsquo;est offrir un l\u00e2cher-prise devant les questionnements qui \u00e9manent des r\u00e9alisations.\u00a0<\/span><\/p>\n<\/div><style type=\"text\/css\">@media only screen and (max-width:1024px) {.fusion-title.fusion-title-1{margin-top:0px!important; margin-right:0px!important;margin-bottom:0px!important;margin-left:0px!important;}}@media only screen and (max-width:500px) {.fusion-title.fusion-title-1{margin-top:10px!important; margin-right:0px!important;margin-bottom:10px!important; margin-left:0px!important;}}<\/style><div class=\"fusion-title title fusion-title-1 fusion-sep-none fusion-title-center fusion-title-text fusion-title-size-three\" style=\"font-size:24px;margin-top:0px;margin-right:0px;margin-bottom:0px;margin-left:0px;\"><h3 class=\"title-heading-center\" style=\"margin:0;font-size:1em;\"><p style=\"text-align: center;\"><span style=\"color: #bb452b; font-family: poiret one;\"><span style=\"font-size: 24;\">JUILLET 2026 \u00e0 ce jour<\/span><\/span><\/p><\/h3><\/div><div class=\"fusion-text fusion-text-2 fusion-text-no-margin\" style=\"text-align:center;font-size:20px;color:#ffffff;font-family:&quot;Roboto&quot;;font-weight:300;margin-bottom:15px;\"><p style=\"text-align: center;\"><span style=\"color: #bb452b; font-family: roboto book 300;\"><span style=\"font-size: 20;\">La sculpture en argile est devenue l&rsquo;activit\u00e9 principale<\/span><\/span><\/p>\n<\/div><style type=\"text\/css\">@media only screen and (max-width:1024px) {.fusion-title.fusion-title-2{margin-top:0px!important; margin-right:0px!important;margin-bottom:0px!important;margin-left:0px!important;}}@media only screen and (max-width:500px) {.fusion-title.fusion-title-2{margin-top:10px!important; margin-right:0px!important;margin-bottom:10px!important; margin-left:0px!important;}}<\/style><div class=\"fusion-title title fusion-title-2 fusion-sep-none fusion-title-center fusion-title-text fusion-title-size-three\" style=\"font-size:24px;margin-top:0px;margin-right:0px;margin-bottom:0px;margin-left:0px;\"><h3 class=\"title-heading-center\" style=\"margin:0;font-size:1em;\"><p style=\"text-align: center;\"><span style=\"color: #bb452b; font-family: poiret one;\"><span style=\"font-size: 24;\">MARS 2013 \u00e0 juin 2026<\/span><\/span><\/p><\/h3><\/div><div class=\"fusion-text fusion-text-3 fusion-text-no-margin\" style=\"text-align:center;font-size:20px;color:#ffffff;font-family:&quot;Roboto&quot;;font-weight:300;margin-bottom:15px;\"><p style=\"text-align: center;\"><span style=\"color: #bb452b; font-family: roboto book 300;\"><span style=\"font-size: 20;\">Cr\u00e9ation de l&rsquo;atelier Craiedesol (dessin-peinture-guitare-terre) chez moi et en institutions ; graphisme et illustration ; initiation au travail de l&rsquo;argile<\/span><\/span><\/p>\n<\/div><style type=\"text\/css\">@media only screen and (max-width:1024px) {.fusion-title.fusion-title-3{margin-top:0px!important; margin-right:0px!important;margin-bottom:0px!important;margin-left:0px!important;}}@media only screen and (max-width:500px) {.fusion-title.fusion-title-3{margin-top:10px!important; margin-right:0px!important;margin-bottom:10px!important; margin-left:0px!important;}}<\/style><div class=\"fusion-title title fusion-title-3 fusion-sep-none fusion-title-center fusion-title-text fusion-title-size-four\" style=\"font-size:24px;margin-top:0px;margin-right:0px;margin-bottom:0px;margin-left:0px;\"><h4 class=\"title-heading-center\" style=\"margin:0;font-size:1em;\"><p style=\"text-align: center;\"><span style=\"color: #bb452b; font-family: poiret one;\"><span style=\"font-size: 24;\">JUIN 2002 \u00e0 MARS 2013<\/span><\/span><\/p><\/h4><\/div><div class=\"fusion-text fusion-text-4 fusion-text-no-margin\" style=\"text-align:center;font-size:20px;color:#ffffff;font-family:&quot;Roboto&quot;;font-weight:300;margin-bottom:15px;\"><p style=\"text-align: center;\"><span style=\"color: #bb452b; font-family: roboto;\"><span style=\"font-size: 20;\">Graphiste\/illustr. dans l&rsquo;animation et \u00e9ducation aux m\u00e9dias<\/span><\/span><\/p>\n<\/div><style type=\"text\/css\">@media only screen and (max-width:1024px) {.fusion-title.fusion-title-4{margin-top:0px!important; margin-right:0px!important;margin-bottom:0px!important;margin-left:0px!important;}}@media only screen and (max-width:500px) {.fusion-title.fusion-title-4{margin-top:10px!important; margin-right:0px!important;margin-bottom:10px!important; margin-left:0px!important;}}<\/style><div class=\"fusion-title title fusion-title-4 fusion-sep-none fusion-title-center fusion-title-text fusion-title-size-five\" style=\"font-size:24px;margin-top:0px;margin-right:0px;margin-bottom:0px;margin-left:0px;\"><h5 class=\"title-heading-center\" style=\"margin:0;font-size:1em;\"><p style=\"text-align: center;\"><span style=\"color: #bb452b; font-family: poiret one;\"><span style=\"font-size: 24;\">AOUT 1997 \u00e0 JUIN 2002<\/span><\/span><\/p><\/h5><\/div><div class=\"fusion-text fusion-text-5 fusion-text-no-margin\" style=\"text-align:center;font-size:20px;color:#ffffff;font-family:&quot;Roboto&quot;;font-weight:300;margin-bottom:15px;\"><p style=\"text-align: center;\"><span style=\"color: #bb452b; font-family: roboto;\"><span style=\"font-size: 20;\">Graphiste\/illustrateur en studios de productions graphiques (imprimeries &amp; agences de publicit\u00e9)<\/span><\/span><\/p>\n<\/div><style type=\"text\/css\">@media only screen and (max-width:1024px) {.fusion-title.fusion-title-5{margin-top:0px!important; margin-right:0px!important;margin-bottom:0px!important;margin-left:0px!important;}}@media only screen and (max-width:500px) {.fusion-title.fusion-title-5{margin-top:10px!important; margin-right:0px!important;margin-bottom:10px!important; margin-left:0px!important;}}<\/style><div class=\"fusion-title title fusion-title-5 fusion-sep-none fusion-title-center fusion-title-text fusion-title-size-six\" style=\"font-size:24px;margin-top:0px;margin-right:0px;margin-bottom:0px;margin-left:0px;\"><h6 class=\"title-heading-center\" style=\"margin:0;font-size:1em;\"><p style=\"text-align: center;\"><span style=\"color: #bb452b; font-family: poiret one;\"><span style=\"font-size: 24;\">JUILLET 1987 \u00e0 AOUT 1997<\/span><\/span><\/p><\/h6><\/div><div class=\"fusion-text fusion-text-6 fusion-text-no-margin\" style=\"text-align:center;font-size:20px;color:#ffffff;font-family:&quot;Roboto&quot;;font-weight:300;margin-bottom:15px;\"><p style=\"text-align: center;\"><span style=\"color: #bb452b; font-family: roboto;\"><span style=\"font-size: 20;\">Graphiste ind\u00e9pendant (identit\u00e9 visuelle &#8211; conception\/r\u00e9alisation pour impression)<\/span><\/span><\/p>\n<\/div><style type=\"text\/css\">@media only screen and (max-width:1024px) {.fusion-title.fusion-title-6{margin-top:0px!important; margin-right:0px!important;margin-bottom:0px!important;margin-left:0px!important;}}@media only screen and (max-width:500px) {.fusion-title.fusion-title-6{margin-top:10px!important; margin-right:0px!important;margin-bottom:10px!important; margin-left:0px!important;}}<\/style><div class=\"fusion-title title fusion-title-6 fusion-sep-none fusion-title-center fusion-title-text fusion-title-size-six\" style=\"font-size:24px;margin-top:0px;margin-right:0px;margin-bottom:0px;margin-left:0px;\"><h6 class=\"title-heading-center\" style=\"margin:0;font-size:1em;\"><p style=\"text-align: center;\"><span style=\"color: #bb452b; font-family: poiret one;\"><span style=\"font-size: 24;\">FORMATIONS<\/span><\/span><\/p><\/h6><\/div><div class=\"fusion-text fusion-text-7 fusion-text-no-margin\" style=\"text-align:center;font-size:20px;color:#ffffff;font-family:&quot;Roboto&quot;;font-weight:300;margin-bottom:15px;\"><p style=\"text-align: center;\"><span style=\"color: #bb452b; font-family: roboto;\"><span style=\"font-size: 20;\">Arts plastiques (Saint-Luc) \u2013 Graphisme (Le\u200975) \u2013 Illustration (Beaux-Arts) \u2013 Art &amp; th\u00e9rapie (CQP) \u2013 Contes &amp; M\u00e9taphores (asbl Narration)<\/span><\/span><\/p>\n<\/div><\/div><style type=\"text\/css\">.fusion-body .fusion-builder-column-1{width:100% !important;margin-top : 0px;margin-bottom : 40px;}.fusion-builder-column-1 > .fusion-column-wrapper {padding-top : 0 !important;padding-right : 0 !important;margin-right : 0;padding-bottom : 0 !important;padding-left : 0 !important;margin-left : 0;}@media only screen and (max-width:1024px) {.fusion-body .fusion-builder-column-1{width:100% !important;order : 0;}.fusion-builder-column-1 > .fusion-column-wrapper {margin-right : 0;margin-left : 0;}}@media only screen and (max-width:500px) {.fusion-body .fusion-builder-column-1{width:100% !important;order : 0;}.fusion-builder-column-1 > .fusion-column-wrapper {margin-right : 1.92%;margin-left : 1.92%;}}<\/style><\/div><div class=\"fusion-layout-column fusion_builder_column fusion-builder-column-2 fusion_builder_column_1_1 1_1 fusion-flex-column\"><div class=\"fusion-column-wrapper fusion-flex-justify-content-flex-start fusion-content-layout-column\" style=\"background-position:left top;background-repeat:no-repeat;-webkit-background-size:cover;-moz-background-size:cover;-o-background-size:cover;background-size:cover;padding: 0px 0px 0px 0px;\"><div style=\"text-align:center;\"><style>.fusion-button.button-1{border-color:#ffffff;border-width:1px 1px 1px 1px;border-radius:40px 40px 40px 40px;background:#cf5531;font-family:\"Roboto\";font-weight:400;}.fusion-button.button-1 .fusion-button-text,.fusion-button.button-1 i,.fusion-button.button-1:hover .fusion-button-text,.fusion-button.button-1:hover i,.fusion-button.button-1:focus .fusion-button-text,.fusion-button.button-1:focus i,.fusion-button.button-1:active .fusion-button-text,.fusion-button.button-1:active i{color:#ffffff;}.fusion-button.button-1:hover,.fusion-button.button-1:active,.fusion-button.button-1:focus{border-color:#ffffff;border-width:1px 1px 1px 1px;background:#cf5531;}<\/style><a class=\"fusion-button button-flat button-xlarge button-custom button-1 fusion-button-default-span fusion-button-default-type\" target=\"_self\" href=\"https:\/\/artmarc.be\/?page_id=1239\" style=\"margin-top:0px;margin-right:0px;margin-bottom:15px;margin-left:0px;\"><i class=\"fa-dice-d6 fas button-icon-left\" aria-hidden=\"true\"><\/i><span class=\"fusion-button-text\">IDEES &amp; CONCEPTS<\/span><\/a><\/div><div style=\"text-align:center;\"><style>.fusion-button.button-2{border-color:#ffffff;border-width:1px 1px 1px 1px;border-radius:40px 40px 40px 40px;background:#cf5531;font-family:\"Roboto\";font-weight:400;}.fusion-button.button-2 .fusion-button-text,.fusion-button.button-2 i,.fusion-button.button-2:hover .fusion-button-text,.fusion-button.button-2:hover i,.fusion-button.button-2:focus .fusion-button-text,.fusion-button.button-2:focus i,.fusion-button.button-2:active .fusion-button-text,.fusion-button.button-2:active i{color:#ffffff;}.fusion-button.button-2:hover,.fusion-button.button-2:active,.fusion-button.button-2:focus{border-color:#ffffff;border-width:1px 1px 1px 1px;background:#cf5531;}<\/style><a class=\"fusion-button button-flat button-xlarge button-custom button-2 fusion-button-default-span fusion-button-default-type\" target=\"_self\" href=\"https:\/\/artmarc.be\/?page_id=93\" style=\"margin-top:0px;margin-right:0px;margin-bottom:15px;margin-left:0px;\"><i class=\"fa-camera fas button-icon-left\" aria-hidden=\"true\"><\/i><span class=\"fusion-button-text\">PORTRAITS<\/span><\/a><\/div><div style=\"text-align:center;\"><style>.fusion-button.button-3{border-color:#ffffff;border-width:1px 1px 1px 1px;border-radius:40px 40px 40px 40px;background:#bb452b;font-family:\"Roboto\";font-weight:400;}.fusion-button.button-3 .fusion-button-text,.fusion-button.button-3 i,.fusion-button.button-3:hover .fusion-button-text,.fusion-button.button-3:hover i,.fusion-button.button-3:focus .fusion-button-text,.fusion-button.button-3:focus i,.fusion-button.button-3:active .fusion-button-text,.fusion-button.button-3:active i{color:#ffffff;}.fusion-button.button-3:hover,.fusion-button.button-3:active,.fusion-button.button-3:focus{border-color:#ffffff;border-width:1px 1px 1px 1px;background:#bb452b;}<\/style><a class=\"fusion-button button-flat button-xlarge button-custom button-3 fusion-button-default-span fusion-button-default-type\" target=\"_self\" href=\"https:\/\/artmarc.be\/\" style=\"margin-top:0px;margin-right:0px;margin-bottom:0px;margin-left:0px;\"><i class=\"fa-hand-point-right fas button-icon-left\" aria-hidden=\"true\"><\/i><span class=\"fusion-button-text\">ACCUEIL<\/span><\/a><\/div><\/div><style type=\"text\/css\">.fusion-body .fusion-builder-column-2{width:100% !important;margin-top : 0px;margin-bottom : 0px;}.fusion-builder-column-2 > .fusion-column-wrapper {padding-top : 0 !important;padding-right : 0 !important;margin-right : 0;padding-bottom : 0 !important;padding-left : 0 !important;margin-left : 0;}@media only screen and (max-width:1024px) {.fusion-body .fusion-builder-column-2{width:100% !important;order : 0;}.fusion-builder-column-2 > .fusion-column-wrapper {margin-right : 0;margin-left : 0;}}@media only screen and (max-width:500px) {.fusion-body .fusion-builder-column-2{width:100% !important;order : 0;}.fusion-builder-column-2 > .fusion-column-wrapper {margin-right : 1.92%;margin-left : 1.92%;}}<\/style><\/div><\/div><style type=\"text\/css\">.fusion-body .fusion-flex-container.fusion-builder-row-1{ padding-top : 20px;margin-top : 0px;padding-right : 0px;padding-bottom : 0px;margin-bottom : 0px;padding-left : 0px;}<\/style><\/div>\n","protected":false},"excerpt":{"rendered":"","protected":false},"author":1,"featured_media":0,"parent":0,"menu_order":0,"comment_status":"closed","ping_status":"closed","template":"","meta":{"footnotes":""},"class_list":["post-1219","page","type-page","status-publish","hentry"],"_links":{"self":[{"href":"https:\/\/artmarc.be\/index.php?rest_route=\/wp\/v2\/pages\/1219","targetHints":{"allow":["GET"]}}],"collection":[{"href":"https:\/\/artmarc.be\/index.php?rest_route=\/wp\/v2\/pages"}],"about":[{"href":"https:\/\/artmarc.be\/index.php?rest_route=\/wp\/v2\/types\/page"}],"author":[{"embeddable":true,"href":"https:\/\/artmarc.be\/index.php?rest_route=\/wp\/v2\/users\/1"}],"replies":[{"embeddable":true,"href":"https:\/\/artmarc.be\/index.php?rest_route=%2Fwp%2Fv2%2Fcomments&post=1219"}],"version-history":[{"count":78,"href":"https:\/\/artmarc.be\/index.php?rest_route=\/wp\/v2\/pages\/1219\/revisions"}],"predecessor-version":[{"id":2456,"href":"https:\/\/artmarc.be\/index.php?rest_route=\/wp\/v2\/pages\/1219\/revisions\/2456"}],"wp:attachment":[{"href":"https:\/\/artmarc.be\/index.php?rest_route=%2Fwp%2Fv2%2Fmedia&parent=1219"}],"curies":[{"name":"wp","href":"https:\/\/api.w.org\/{rel}","templated":true}]}}