{"id":1405,"date":"2025-02-19T09:36:20","date_gmt":"2025-02-19T08:36:20","guid":{"rendered":"https:\/\/artmarc.be\/?page_id=1405"},"modified":"2026-03-30T12:17:48","modified_gmt":"2026-03-30T10:17:48","slug":"nous-sommes-la-terre","status":"publish","type":"page","link":"https:\/\/artmarc.be\/?page_id=1405","title":{"rendered":"MARC VERMEULEN &#8211; SCULPTURE EN ARGILE &#8211; L&rsquo;ARGILE"},"content":{"rendered":"<div class=\"fusion-fullwidth fullwidth-box fusion-builder-row-1 fusion-flex-container nonhundred-percent-fullwidth non-hundred-percent-height-scrolling\" style=\"background-color: rgba(255,255,255,0);background-position: center center;background-repeat: no-repeat;border-width: 0px 0px 0px 0px;border-color:#e2e2e2;border-style:solid;\" ><div class=\"fusion-builder-row fusion-row fusion-flex-align-items-flex-start\" style=\"max-width:1248px;margin-left: calc(-4% \/ 2 );margin-right: calc(-4% \/ 2 );\"><div class=\"fusion-layout-column fusion_builder_column fusion-builder-column-0 fusion_builder_column_1_1 1_1 fusion-flex-column\"><div class=\"fusion-column-wrapper fusion-flex-justify-content-flex-start fusion-content-layout-column\" style=\"background-position:left top;background-repeat:no-repeat;-webkit-background-size:cover;-moz-background-size:cover;-o-background-size:cover;background-size:cover;padding: 0px 0px 0px 0px;\"><style type=\"text\/css\">@media only screen and (max-width:1024px) {.fusion-title.fusion-title-1{margin-top:0px!important; margin-right:0px!important;margin-bottom:10px!important;margin-left:0px!important;}}@media only screen and (max-width:500px) {.fusion-title.fusion-title-1{margin-top:10px!important; margin-right:0px!important;margin-bottom:10px!important; margin-left:0px!important;}}<\/style><div class=\"fusion-title title fusion-title-1 fusion-sep-none fusion-title-center fusion-title-text fusion-title-size-one\" style=\"font-size:28px;margin-top:0px;margin-right:0px;margin-bottom:10px;margin-left:0px;\"><h1 class=\"title-heading-center\" style=\"margin:0;font-size:1em;\"><p style=\"text-align: center;\"><strong><span style=\"color: #bb452b; font-family: poiret one;\"><span style=\"font-size: 28;\">PROFONDEUR, CREATIVITE, CHALEUR, GENEROSITE<br \/>\nsont les plus grands bienfaits de l&rsquo;argile et nous relient \u00e0 son origine<\/span><\/span><\/strong><\/p><\/h1><\/div><\/div><style type=\"text\/css\">.fusion-body .fusion-builder-column-0{width:100% !important;margin-top : 35px;margin-bottom : 0px;}.fusion-builder-column-0 > .fusion-column-wrapper {padding-top : 0 !important;padding-right : 0 !important;margin-right : 0;padding-bottom : 0 !important;padding-left : 0 !important;margin-left : 0;}@media only screen and (max-width:1024px) {.fusion-body .fusion-builder-column-0{width:100% !important;order : 0;}.fusion-builder-column-0 > .fusion-column-wrapper {margin-right : 0;margin-left : 0;}}@media only screen and (max-width:500px) {.fusion-body .fusion-builder-column-0{width:100% !important;order : 0;}.fusion-builder-column-0 > .fusion-column-wrapper {margin-right : 1.92%;margin-left : 1.92%;}}<\/style><\/div><div class=\"fusion-layout-column fusion_builder_column fusion-builder-column-1 fusion_builder_column_1_1 1_1 fusion-flex-column\"><div class=\"fusion-column-wrapper fusion-flex-justify-content-flex-start fusion-content-layout-column\" style=\"background-position:left top;background-repeat:no-repeat;-webkit-background-size:cover;-moz-background-size:cover;-o-background-size:cover;background-size:cover;border-radius:30px 30px 30px 30px;border-radius:30px 30px 30px 30px;overflow:hidden;padding: 10px 10px 10px 10px;\"><div style=\"text-align:center;\"><style>.fusion-imageframe.imageframe-1{ margin-top : 0px;margin-right : 0px;margin-bottom : 0px;margin-left : 0px;}<\/style><span class=\" fusion-imageframe imageframe-none imageframe-1 hover-type-none\"><img decoding=\"async\" width=\"227\" height=\"227\" title=\"sculpture-argile-atelier-univers-creation-formation-4-elements-feu-air-terre-eau\" src=\"http:\/\/artmarc.be\/wp-content\/uploads\/2025\/06\/sculpture-argile-atelier-univers-creation-formation-4-elements-feu-air-terre-eau.jpg\" alt class=\"img-responsive wp-image-1983\" srcset=\"https:\/\/artmarc.be\/wp-content\/uploads\/2025\/06\/sculpture-argile-atelier-univers-creation-formation-4-elements-feu-air-terre-eau-200x200.jpg 200w, https:\/\/artmarc.be\/wp-content\/uploads\/2025\/06\/sculpture-argile-atelier-univers-creation-formation-4-elements-feu-air-terre-eau.jpg 227w\" sizes=\"(max-width: 500px) 100vw, 227px\" \/><\/span><\/div><style type=\"text\/css\">@media only screen and (max-width:1024px) {.fusion-title.fusion-title-2{margin-top:0px!important; margin-right:0px!important;margin-bottom:0px!important;margin-left:0px!important;}}@media only screen and (max-width:500px) {.fusion-title.fusion-title-2{margin-top:10px!important; margin-right:0px!important;margin-bottom:10px!important; margin-left:0px!important;}}<\/style><div class=\"fusion-title title fusion-title-2 fusion-sep-none fusion-title-center fusion-title-text fusion-title-size-three\" style=\"font-size:24px;margin-top:0px;margin-right:0px;margin-bottom:0px;margin-left:0px;\"><h3 class=\"title-heading-center\" style=\"font-family:&quot;Roboto&quot;;font-weight:300;margin:0;font-size:1em;\"><p style=\"text-align: center;\"><strong><span style=\"color: #bb452b;\">Toucher l&rsquo;argile c&rsquo;est toucher l&rsquo;univers<\/span><\/strong><\/p><\/h3><\/div><div class=\"fusion-text fusion-text-1 fusion-text-no-margin\" style=\"font-size:24px;color:#9e2e15;font-family:&quot;Roboto&quot;;font-weight:300;\"><p style=\"text-align: center;\"><span style=\"color: #bb452b; font-family: roboto book 300;\"><span style=\"color: #bb452b;\"><span style=\"color: #bb452b;\">Car l&rsquo;argile provient des \u00e9tats de la mati\u00e8re qui composent l&rsquo;Univers, les plan\u00e8tes, la Terre ; l&rsquo;argile va se former en surface ; les sculptures vont pouvoir en \u00eatre fa\u00e7onn\u00e9es nous reliant \u00e0 l&rsquo;Univers<\/span><\/span><\/span><\/p>\n<\/div><\/div><style type=\"text\/css\">.fusion-body .fusion-builder-column-1{width:100% !important;margin-top : 15px;margin-bottom : 15px;}.fusion-builder-column-1 > .fusion-column-wrapper {padding-top : 10 !important;padding-right : 10 !important;margin-right : 0;padding-bottom : 10 !important;padding-left : 10 !important;margin-left : 0;}@media only screen and (max-width:1024px) {.fusion-body .fusion-builder-column-1{width:100% !important;order : 0;}.fusion-builder-column-1 > .fusion-column-wrapper {margin-right : 0;margin-left : 0;}}@media only screen and (max-width:500px) {.fusion-body .fusion-builder-column-1{width:100% !important;order : 0;}.fusion-builder-column-1 > .fusion-column-wrapper {margin-right : 1.92%;margin-left : 1.92%;}}<\/style><\/div><div class=\"fusion-layout-column fusion_builder_column fusion-builder-column-2 fusion_builder_column_1_1 1_1 fusion-flex-column\"><div class=\"fusion-column-wrapper fusion-flex-justify-content-flex-start fusion-content-layout-column\" style=\"background-position:left top;background-repeat:no-repeat;-webkit-background-size:cover;-moz-background-size:cover;-o-background-size:cover;background-size:cover;border-radius:30px 30px 30px 30px;border-radius:30px 30px 30px 30px;overflow:hidden;padding: 10px 10px 10px 10px;\"><div style=\"text-align:center;\"><style>.fusion-imageframe.imageframe-2{ margin-top : 0px;margin-right : 0px;margin-bottom : 10px;margin-left : 0px;}<\/style><span class=\" fusion-imageframe imageframe-none imageframe-2 hover-type-none\"><img decoding=\"async\" width=\"227\" height=\"227\" alt=\"sculpture-argile-toucher-atelier-plaisir-creer\" title=\"sculpture-argile-toucher-atelier-plaisir-creer\" src=\"http:\/\/artmarc.be\/wp-content\/uploads\/2025\/06\/sculpture-argile-toucher-atelier-plaisir-creer.jpg\" class=\"img-responsive wp-image-1982\" srcset=\"https:\/\/artmarc.be\/wp-content\/uploads\/2025\/06\/sculpture-argile-toucher-atelier-plaisir-creer-200x200.jpg 200w, https:\/\/artmarc.be\/wp-content\/uploads\/2025\/06\/sculpture-argile-toucher-atelier-plaisir-creer.jpg 227w\" sizes=\"(max-width: 500px) 100vw, 227px\" \/><\/span><\/div><style type=\"text\/css\">@media only screen and (max-width:1024px) {.fusion-title.fusion-title-3{margin-top:0px!important; margin-right:0px!important;margin-bottom:0px!important;margin-left:0px!important;}}@media only screen and (max-width:500px) {.fusion-title.fusion-title-3{margin-top:10px!important; margin-right:0px!important;margin-bottom:10px!important; margin-left:0px!important;}}<\/style><div class=\"fusion-title title fusion-title-3 fusion-sep-none fusion-title-center fusion-title-text fusion-title-size-three\" style=\"font-size:24px;margin-top:0px;margin-right:0px;margin-bottom:0px;margin-left:0px;\"><h3 class=\"title-heading-center\" style=\"font-family:&quot;Roboto&quot;;font-weight:300;margin:0;font-size:1em;\"><p style=\"text-align: center;\"><strong><span style=\"color: #bb452b;\">Toucher l&rsquo;univers donne envie de cr\u00e9er<\/span><\/strong><\/p><\/h3><\/div><div class=\"fusion-text fusion-text-2 fusion-text-no-margin\" style=\"font-size:24px;color:#9e2e15;font-family:&quot;Roboto&quot;;font-weight:300;margin-bottom:10px;\"><p style=\"text-align: center;\"><span style=\"color: #bb452b; font-family: roboto book 300;\"><span style=\"color: #bb452b;\"><span style=\"color: #bb452b;\">Gr\u00e2ce aux origines de l&rsquo;argile nous nous relions \u00e0 notre espace de cr\u00e9ation au plus profond de nous<\/span><\/span><\/span><\/p>\n<\/div><\/div><style type=\"text\/css\">.fusion-body .fusion-builder-column-2{width:100% !important;margin-top : 15px;margin-bottom : 15px;}.fusion-builder-column-2 > .fusion-column-wrapper {padding-top : 10 !important;padding-right : 10 !important;margin-right : 0;padding-bottom : 10 !important;padding-left : 10 !important;margin-left : 0;}@media only screen and (max-width:1024px) {.fusion-body .fusion-builder-column-2{width:100% !important;order : 0;}.fusion-builder-column-2 > .fusion-column-wrapper {margin-right : 0;margin-left : 0;}}@media only screen and (max-width:500px) {.fusion-body .fusion-builder-column-2{width:100% !important;order : 0;}.fusion-builder-column-2 > .fusion-column-wrapper {margin-right : 1.92%;margin-left : 1.92%;}}<\/style><\/div><div class=\"fusion-layout-column fusion_builder_column fusion-builder-column-3 fusion_builder_column_1_1 1_1 fusion-flex-column\"><div class=\"fusion-column-wrapper fusion-flex-justify-content-flex-start fusion-content-layout-column\" style=\"background-position:left top;background-repeat:no-repeat;-webkit-background-size:cover;-moz-background-size:cover;-o-background-size:cover;background-size:cover;border-radius:30px 30px 30px 30px;border-radius:30px 30px 30px 30px;overflow:hidden;padding: 10px 10px 10px 10px;\"><div style=\"text-align:center;\"><style>.fusion-imageframe.imageframe-3{ margin-top : 0px;margin-right : 0px;margin-bottom : 0px;margin-left : 0px;}<\/style><span class=\" fusion-imageframe imageframe-none imageframe-3 hover-type-none\"><img decoding=\"async\" width=\"227\" height=\"227\" alt=\"Marc-Vermeulen-sculpture-argile-atelier-orp-jauche-quatre-4-elements-couleurs-sphere-terre-matiere\" title=\"Marc-Vermeulen-sculpture-argile-atelier-orp-jauche-quatre-4-elements-couleurs-sphere-terre-matiere\" src=\"http:\/\/artmarc.be\/wp-content\/uploads\/2025\/06\/Marc-Vermeulen-sculpture-argile-atelier-orp-jauche-quatre-4-elements-couleurs-sphere-terre-matiere.jpg\" class=\"img-responsive wp-image-2015\" srcset=\"https:\/\/artmarc.be\/wp-content\/uploads\/2025\/06\/Marc-Vermeulen-sculpture-argile-atelier-orp-jauche-quatre-4-elements-couleurs-sphere-terre-matiere-200x200.jpg 200w, https:\/\/artmarc.be\/wp-content\/uploads\/2025\/06\/Marc-Vermeulen-sculpture-argile-atelier-orp-jauche-quatre-4-elements-couleurs-sphere-terre-matiere.jpg 227w\" sizes=\"(max-width: 500px) 100vw, 227px\" \/><\/span><\/div><style type=\"text\/css\">@media only screen and (max-width:1024px) {.fusion-title.fusion-title-4{margin-top:0px!important; margin-right:0px!important;margin-bottom:0px!important;margin-left:0px!important;}}@media only screen and (max-width:500px) {.fusion-title.fusion-title-4{margin-top:10px!important; margin-right:0px!important;margin-bottom:10px!important; margin-left:0px!important;}}<\/style><div class=\"fusion-title title fusion-title-4 fusion-sep-none fusion-title-center fusion-title-text fusion-title-size-six\" style=\"font-size:24px;margin-top:0px;margin-right:0px;margin-bottom:0px;margin-left:0px;\"><h6 class=\"title-heading-center\" style=\"font-family:&quot;Roboto&quot;;font-weight:300;margin:0;font-size:1em;\"><p style=\"text-align: center;\"><strong><span style=\"color: #bb452b; font-family: roboto book 300;\"><span style=\"color: #bb452b;\"><span style=\"color: #bb452b;\">La terre, l&rsquo;eau, l&rsquo;air, le feu alimentent notre cr\u00e9ativit\u00e9<\/span><\/span><\/span><\/strong><\/p><\/h6><\/div><div class=\"fusion-text fusion-text-3 fusion-text-no-margin\" style=\"font-size:24px;color:#9e2e15;font-family:&quot;Roboto&quot;;font-weight:300;\"><p style=\"text-align: center;\"><span style=\"color: #bb452b; font-family: roboto book 300;\"><span style=\"color: #bb452b;\"><span style=\"color: #bb452b;\">D\u00e9j\u00e0 pr\u00e9sents lors la cr\u00e9ation de l&rsquo;Univers, ces sources de vie sont les ingr\u00e9dients des sculptures en argile<\/span><\/span><\/span><\/p>\n<\/div><\/div><style type=\"text\/css\">.fusion-body .fusion-builder-column-3{width:100% !important;margin-top : 15px;margin-bottom : 15px;}.fusion-builder-column-3 > .fusion-column-wrapper {padding-top : 10 !important;padding-right : 10 !important;margin-right : 0;padding-bottom : 10 !important;padding-left : 10 !important;margin-left : 0;}@media only screen and (max-width:1024px) {.fusion-body .fusion-builder-column-3{width:100% !important;order : 0;}.fusion-builder-column-3 > .fusion-column-wrapper {margin-right : 0;margin-left : 0;}}@media only screen and (max-width:500px) {.fusion-body .fusion-builder-column-3{width:100% !important;order : 0;}.fusion-builder-column-3 > .fusion-column-wrapper {margin-right : 1.92%;margin-left : 1.92%;}}<\/style><\/div><div class=\"fusion-layout-column fusion_builder_column fusion-builder-column-4 fusion_builder_column_1_1 1_1 fusion-flex-column\"><div class=\"fusion-column-wrapper fusion-flex-justify-content-flex-start fusion-content-layout-column\" style=\"background-position:left top;background-repeat:no-repeat;-webkit-background-size:cover;-moz-background-size:cover;-o-background-size:cover;background-size:cover;border-radius:30px 30px 30px 30px;border-radius:30px 30px 30px 30px;overflow:hidden;padding: 10px 10px 10px 10px;\"><div style=\"text-align:center;\"><style>.fusion-imageframe.imageframe-4{ margin-top : 0px;margin-right : 0px;margin-bottom : 0px;margin-left : 0px;}<\/style><span class=\" fusion-imageframe imageframe-none imageframe-4 hover-type-none\"><img decoding=\"async\" width=\"227\" height=\"227\" alt=\"sculpture-terre-argile-humain-ensemble-interconnecte-connexion-colore-couleur-emaux-email\" title=\"sculpture-terre-argile-humain-ensemble-interconnecte-connexion-colore-couleur-emaux-email\" src=\"http:\/\/artmarc.be\/wp-content\/uploads\/2025\/06\/sculpture-terre-argile-humain-ensemble-interconnecte-connexion-colore-couleur-emaux-email.jpg\" class=\"img-responsive wp-image-1992\" srcset=\"https:\/\/artmarc.be\/wp-content\/uploads\/2025\/06\/sculpture-terre-argile-humain-ensemble-interconnecte-connexion-colore-couleur-emaux-email-200x200.jpg 200w, https:\/\/artmarc.be\/wp-content\/uploads\/2025\/06\/sculpture-terre-argile-humain-ensemble-interconnecte-connexion-colore-couleur-emaux-email.jpg 227w\" sizes=\"(max-width: 500px) 100vw, 227px\" \/><\/span><\/div><style type=\"text\/css\">@media only screen and (max-width:1024px) {.fusion-title.fusion-title-5{margin-top:0px!important; margin-right:0px!important;margin-bottom:0px!important;margin-left:0px!important;}}@media only screen and (max-width:500px) {.fusion-title.fusion-title-5{margin-top:10px!important; margin-right:0px!important;margin-bottom:10px!important; margin-left:0px!important;}}<\/style><div class=\"fusion-title title fusion-title-5 fusion-sep-none fusion-title-center fusion-title-text fusion-title-size-six\" style=\"font-size:24px;margin-top:0px;margin-right:0px;margin-bottom:0px;margin-left:0px;\"><h6 class=\"title-heading-center\" style=\"font-family:&quot;Roboto&quot;;font-weight:300;margin:0;font-size:1em;\"><p style=\"text-align: center;\"><strong><span style=\"color: #bb452b; font-family: roboto book 300;\"><span style=\"color: #bb452b;\"><span style=\"color: #bb452b;\">L&rsquo;argile nous rassemble<\/span><\/span><\/span><\/strong><\/p><\/h6><\/div><div class=\"fusion-text fusion-text-4 fusion-text-no-margin\" style=\"font-size:24px;color:#9e2e15;font-family:&quot;Roboto&quot;;font-weight:300;\"><p style=\"text-align: center;\"><span style=\"color: #bb452b; font-family: roboto book 300;\"><span style=\"color: #bb452b;\">Comme dit le penseur D. Suzuki \u00ab Nous sommes la Terre qui nous nourrit et en sommes tous interconnect\u00e9s \u00bb : nous sommes issus de ce m\u00eame berceau naturel (\u00ab\u00a0Humain\/humanus\u00a0\u00bb vient de \u00ab\u00a0humus\u00a0\u00bb la terre)<\/span><\/span><\/p>\n<\/div><\/div><style type=\"text\/css\">.fusion-body .fusion-builder-column-4{width:100% !important;margin-top : 15px;margin-bottom : 15px;}.fusion-builder-column-4 > .fusion-column-wrapper {padding-top : 10 !important;padding-right : 10 !important;margin-right : 0;padding-bottom : 10 !important;padding-left : 10 !important;margin-left : 0;}@media only screen and (max-width:1024px) {.fusion-body .fusion-builder-column-4{width:100% !important;order : 0;}.fusion-builder-column-4 > .fusion-column-wrapper {margin-right : 0;margin-left : 0;}}@media only screen and (max-width:500px) {.fusion-body .fusion-builder-column-4{width:100% !important;order : 0;}.fusion-builder-column-4 > .fusion-column-wrapper {margin-right : 1.92%;margin-left : 1.92%;}}<\/style><\/div><div class=\"fusion-layout-column fusion_builder_column fusion-builder-column-5 fusion_builder_column_1_1 1_1 fusion-flex-column\"><div class=\"fusion-column-wrapper fusion-flex-justify-content-flex-start fusion-content-layout-column\" style=\"background-position:left top;background-repeat:no-repeat;-webkit-background-size:cover;-moz-background-size:cover;-o-background-size:cover;background-size:cover;border-radius:30px 30px 30px 30px;border-radius:30px 30px 30px 30px;overflow:hidden;padding: 10px 10px 10px 10px;\"><div style=\"text-align:center;\"><style>.fusion-imageframe.imageframe-5{ margin-top : 0px;margin-right : 0px;margin-bottom : 0px;margin-left : 0px;}<\/style><span class=\" fusion-imageframe imageframe-none imageframe-5 hover-type-none\"><img decoding=\"async\" width=\"227\" height=\"227\" alt=\"sculpture-argile-terre-soin-maux-toucher-bien-e\u0302tre\" title=\"sculpture-argile-terre-soin-maux-toucher-bien-e\u0302tre\" src=\"http:\/\/artmarc.be\/wp-content\/uploads\/2025\/06\/sculpture-argile-terre-soin-maux-toucher-bien-etre.jpg\" class=\"img-responsive wp-image-1990\" srcset=\"https:\/\/artmarc.be\/wp-content\/uploads\/2025\/06\/sculpture-argile-terre-soin-maux-toucher-bien-etre-200x200.jpg 200w, https:\/\/artmarc.be\/wp-content\/uploads\/2025\/06\/sculpture-argile-terre-soin-maux-toucher-bien-etre.jpg 227w\" sizes=\"(max-width: 500px) 100vw, 227px\" \/><\/span><\/div><style type=\"text\/css\">@media only screen and (max-width:1024px) {.fusion-title.fusion-title-6{margin-top:0px!important; margin-right:0px!important;margin-bottom:0px!important;margin-left:0px!important;}}@media only screen and (max-width:500px) {.fusion-title.fusion-title-6{margin-top:10px!important; margin-right:0px!important;margin-bottom:10px!important; margin-left:0px!important;}}<\/style><div class=\"fusion-title title fusion-title-6 fusion-sep-none fusion-title-center fusion-title-text fusion-title-size-four\" style=\"font-size:24px;margin-top:0px;margin-right:0px;margin-bottom:0px;margin-left:0px;\"><h4 class=\"title-heading-center\" style=\"font-family:&quot;Roboto&quot;;font-weight:300;margin:0;font-size:1em;\"><p style=\"text-align: center;\"><strong><span style=\"color: #bb452b; font-family: roboto book 300;\">L&rsquo;argile soigne<\/span><\/strong><\/p><\/h4><\/div><div class=\"fusion-text fusion-text-5 fusion-text-no-margin\" style=\"font-size:24px;color:#9e2e15;font-family:&quot;Roboto&quot;;font-weight:300;margin-bottom:10px;\"><p style=\"text-align: center;\"><span style=\"color: #bb452b; font-family: roboto book 300;\"><span style=\"color: #bb452b;\"><span style=\"color: #bb452b;\">Ses propri\u00e9t\u00e9s purificatrices et gu\u00e9rissantes sont connues depuis la Haute Antiquit\u00e9 et confirm\u00e9es aujourd&rsquo;hui par la science<\/span><\/span><\/span><\/p>\n<\/div><\/div><style type=\"text\/css\">.fusion-body .fusion-builder-column-5{width:100% !important;margin-top : 15px;margin-bottom : 15px;}.fusion-builder-column-5 > .fusion-column-wrapper {padding-top : 10 !important;padding-right : 10 !important;margin-right : 0;padding-bottom : 10 !important;padding-left : 10 !important;margin-left : 0;}@media only screen and (max-width:1024px) {.fusion-body .fusion-builder-column-5{width:100% !important;order : 0;}.fusion-builder-column-5 > .fusion-column-wrapper {margin-right : 0;margin-left : 0;}}@media only screen and (max-width:500px) {.fusion-body .fusion-builder-column-5{width:100% !important;order : 0;}.fusion-builder-column-5 > .fusion-column-wrapper {margin-right : 1.92%;margin-left : 1.92%;}}<\/style><\/div><div class=\"fusion-layout-column fusion_builder_column fusion-builder-column-6 fusion_builder_column_1_1 1_1 fusion-flex-column\"><div class=\"fusion-column-wrapper fusion-flex-justify-content-flex-start fusion-content-layout-column\" style=\"background-position:left top;background-repeat:no-repeat;-webkit-background-size:cover;-moz-background-size:cover;-o-background-size:cover;background-size:cover;padding: 0px 0px 0px 0px;\"><div style=\"text-align:center;\"><style>.fusion-button.button-1{border-color:#ffffff;border-width:1px 1px 1px 1px;border-radius:40px 40px 40px 40px;background:#cf5531;font-family:\"Roboto\";font-weight:400;}.fusion-button.button-1 .fusion-button-text,.fusion-button.button-1 i,.fusion-button.button-1:hover .fusion-button-text,.fusion-button.button-1:hover i,.fusion-button.button-1:focus .fusion-button-text,.fusion-button.button-1:focus i,.fusion-button.button-1:active .fusion-button-text,.fusion-button.button-1:active i{color:#ffffff;}.fusion-button.button-1:hover,.fusion-button.button-1:active,.fusion-button.button-1:focus{border-color:#ffffff;border-width:1px 1px 1px 1px;background:#cf5531;}<\/style><a class=\"fusion-button button-flat button-xlarge button-custom button-1 fusion-button-default-span fusion-button-default-type\" target=\"_self\" href=\"https:\/\/artmarc.be\/?page_id=1239\" style=\"margin-top:0px;margin-right:0px;margin-bottom:15px;margin-left:0px;\"><i class=\"fa-dice-d6 fas button-icon-left\" aria-hidden=\"true\"><\/i><span class=\"fusion-button-text\">IDEES &amp; CONCEPTS<\/span><\/a><\/div><div style=\"text-align:center;\"><style>.fusion-button.button-2{border-color:#ffffff;border-width:1px 1px 1px 1px;border-radius:40px 40px 40px 40px;background:#cf5531;font-family:\"Roboto\";font-weight:400;}.fusion-button.button-2 .fusion-button-text,.fusion-button.button-2 i,.fusion-button.button-2:hover .fusion-button-text,.fusion-button.button-2:hover i,.fusion-button.button-2:focus .fusion-button-text,.fusion-button.button-2:focus i,.fusion-button.button-2:active .fusion-button-text,.fusion-button.button-2:active i{color:#ffffff;}.fusion-button.button-2:hover,.fusion-button.button-2:active,.fusion-button.button-2:focus{border-color:#ffffff;border-width:1px 1px 1px 1px;background:#cf5531;}<\/style><a class=\"fusion-button button-flat button-xlarge button-custom button-2 fusion-button-default-span fusion-button-default-type\" target=\"_self\" href=\"https:\/\/artmarc.be\/?page_id=93\" style=\"margin-top:0px;margin-right:0px;margin-bottom:15px;margin-left:0px;\"><i class=\"fa-camera fas button-icon-left\" aria-hidden=\"true\"><\/i><span class=\"fusion-button-text\">PORTRAITS<\/span><\/a><\/div><div style=\"text-align:center;\"><style>.fusion-button.button-3{border-color:#ffffff;border-width:1px 1px 1px 1px;border-radius:40px 40px 40px 40px;background:#cf5531;font-family:\"Roboto\";font-weight:400;}.fusion-button.button-3 .fusion-button-text,.fusion-button.button-3 i,.fusion-button.button-3:hover .fusion-button-text,.fusion-button.button-3:hover i,.fusion-button.button-3:focus .fusion-button-text,.fusion-button.button-3:focus i,.fusion-button.button-3:active .fusion-button-text,.fusion-button.button-3:active i{color:#ffffff;}.fusion-button.button-3:hover,.fusion-button.button-3:active,.fusion-button.button-3:focus{border-color:#ffffff;border-width:1px 1px 1px 1px;background:#cf5531;}<\/style><a class=\"fusion-button button-flat button-xlarge button-custom button-3 fusion-button-default-span fusion-button-default-type\" target=\"_self\" href=\"https:\/\/artmarc.be\/\" style=\"margin-top:0px;margin-right:0px;margin-bottom:15px;margin-left:0px;\"><i class=\"fa-hand-point-right fas button-icon-left\" aria-hidden=\"true\"><\/i><span class=\"fusion-button-text\">ACCUEIL<\/span><\/a><\/div><\/div><style type=\"text\/css\">.fusion-body .fusion-builder-column-6{width:100% !important;margin-top : 0px;margin-bottom : 0px;}.fusion-builder-column-6 > .fusion-column-wrapper {padding-top : 0 !important;padding-right : 0 !important;margin-right : 0;padding-bottom : 0 !important;padding-left : 0 !important;margin-left : 0;}@media only screen and (max-width:1024px) {.fusion-body .fusion-builder-column-6{width:100% !important;order : 0;}.fusion-builder-column-6 > .fusion-column-wrapper {margin-right : 0;margin-left : 0;}}@media only screen and (max-width:500px) {.fusion-body .fusion-builder-column-6{width:100% !important;order : 0;}.fusion-builder-column-6 > .fusion-column-wrapper {margin-right : 1.92%;margin-left : 1.92%;}}<\/style><\/div><\/div><style type=\"text\/css\">.fusion-body .fusion-flex-container.fusion-builder-row-1{ padding-top : 0px;margin-top : 0px;padding-right : 0px;padding-bottom : 0px;margin-bottom : 0px;padding-left : 0px;}<\/style><\/div>\n","protected":false},"excerpt":{"rendered":"","protected":false},"author":1,"featured_media":0,"parent":0,"menu_order":0,"comment_status":"closed","ping_status":"closed","template":"","meta":{"footnotes":""},"class_list":["post-1405","page","type-page","status-publish","hentry"],"_links":{"self":[{"href":"https:\/\/artmarc.be\/index.php?rest_route=\/wp\/v2\/pages\/1405","targetHints":{"allow":["GET"]}}],"collection":[{"href":"https:\/\/artmarc.be\/index.php?rest_route=\/wp\/v2\/pages"}],"about":[{"href":"https:\/\/artmarc.be\/index.php?rest_route=\/wp\/v2\/types\/page"}],"author":[{"embeddable":true,"href":"https:\/\/artmarc.be\/index.php?rest_route=\/wp\/v2\/users\/1"}],"replies":[{"embeddable":true,"href":"https:\/\/artmarc.be\/index.php?rest_route=%2Fwp%2Fv2%2Fcomments&post=1405"}],"version-history":[{"count":149,"href":"https:\/\/artmarc.be\/index.php?rest_route=\/wp\/v2\/pages\/1405\/revisions"}],"predecessor-version":[{"id":2457,"href":"https:\/\/artmarc.be\/index.php?rest_route=\/wp\/v2\/pages\/1405\/revisions\/2457"}],"wp:attachment":[{"href":"https:\/\/artmarc.be\/index.php?rest_route=%2Fwp%2Fv2%2Fmedia&parent=1405"}],"curies":[{"name":"wp","href":"https:\/\/api.w.org\/{rel}","templated":true}]}}