{"id":2201,"date":"2025-08-28T10:43:57","date_gmt":"2025-08-28T08:43:57","guid":{"rendered":"https:\/\/artmarc.be\/?page_id=2201"},"modified":"2026-03-30T12:16:44","modified_gmt":"2026-03-30T10:16:44","slug":"marc-vermeulen-sculpture-en-argile-commandes","status":"publish","type":"page","link":"https:\/\/artmarc.be\/?page_id=2201","title":{"rendered":"MARC VERMEULEN &#8211; SCULPTURE EN ARGILE &#8211; COMMANDES"},"content":{"rendered":"<div class=\"fusion-fullwidth fullwidth-box fusion-builder-row-1 fusion-flex-container nonhundred-percent-fullwidth non-hundred-percent-height-scrolling\" style=\"background-color: rgba(255,255,255,0);background-position: center center;background-repeat: no-repeat;border-width: 0px 0px 0px 0px;border-color:#e2e2e2;border-style:solid;\" ><div class=\"fusion-builder-row fusion-row fusion-flex-align-items-flex-start\" style=\"max-width:1248px;margin-left: calc(-4% \/ 2 );margin-right: calc(-4% \/ 2 );\"><div class=\"fusion-layout-column fusion_builder_column fusion-builder-column-0 fusion_builder_column_1_1 1_1 fusion-flex-column\"><div class=\"fusion-column-wrapper fusion-flex-justify-content-flex-start fusion-content-layout-column\" style=\"background-position:left top;background-repeat:no-repeat;-webkit-background-size:cover;-moz-background-size:cover;-o-background-size:cover;background-size:cover;padding: 0px 0px 0px 0px;\"><style type=\"text\/css\">@media only screen and (max-width:1024px) {.fusion-title.fusion-title-1{margin-top:0px!important; margin-right:0px!important;margin-bottom:0px!important;margin-left:0px!important;}}@media only screen and (max-width:500px) {.fusion-title.fusion-title-1{margin-top:10px!important; margin-right:0px!important;margin-bottom:10px!important; margin-left:0px!important;}}<\/style><div class=\"fusion-title title fusion-title-1 fusion-sep-none fusion-title-center fusion-title-text fusion-title-size-one\" style=\"font-size:40px;margin-top:0px;margin-right:0px;margin-bottom:0px;margin-left:0px;\"><h1 class=\"title-heading-center\" style=\"font-family:&quot;poiret one&quot;;font-weight:400;margin:0;font-size:1em;\"><p style=\"text-align: center;\"><span style=\"color: #bb452b; font-family: poiret one;\"><span style=\"font-size: 40px;\">Pour r\u00e9aliser votre commande<\/span><\/span><\/p><\/h1><\/div><\/div><style type=\"text\/css\">.fusion-body .fusion-builder-column-0{width:100% !important;margin-top : 0px;margin-bottom : 30px;}.fusion-builder-column-0 > .fusion-column-wrapper {padding-top : 0 !important;padding-right : 0 !important;margin-right : 0;padding-bottom : 0 !important;padding-left : 0 !important;margin-left : 0;}@media only screen and (max-width:1024px) {.fusion-body .fusion-builder-column-0{width:100% !important;order : 0;}.fusion-builder-column-0 > .fusion-column-wrapper {margin-right : 0;margin-left : 0;}}@media only screen and (max-width:500px) {.fusion-body .fusion-builder-column-0{width:100% !important;order : 0;}.fusion-builder-column-0 > .fusion-column-wrapper {margin-right : 1.92%;margin-left : 1.92%;}}<\/style><\/div><div class=\"fusion-layout-column fusion_builder_column fusion-builder-column-1 fusion_builder_column_1_1 1_1 fusion-flex-column\"><div class=\"fusion-column-wrapper fusion-flex-justify-content-flex-start fusion-content-layout-column\" style=\"background-position:left top;background-repeat:no-repeat;-webkit-background-size:cover;-moz-background-size:cover;-o-background-size:cover;background-size:cover;border-radius:30px 30px 30px 30px;border-radius:30px 30px 30px 30px;overflow:hidden;padding: 0px 0px 0px 0px;\"><style type=\"text\/css\">@media only screen and (max-width:1024px) {.fusion-title.fusion-title-2{margin-top:10px!important; margin-right:0px!important;margin-bottom:0px!important;margin-left:0px!important;}}@media only screen and (max-width:500px) {.fusion-title.fusion-title-2{margin-top:10px!important; margin-right:0px!important;margin-bottom:10px!important; margin-left:0px!important;}}<\/style><div class=\"fusion-title title fusion-title-2 fusion-sep-none fusion-title-center fusion-title-text fusion-title-size-two\" style=\"font-size:30px;margin-top:10px;margin-right:0px;margin-bottom:0px;margin-left:0px;\"><h2 class=\"title-heading-center\" style=\"font-family:&quot;poiret one&quot;;font-weight:400;margin:0;font-size:1em;\"><p style=\"text-align: center;\"><span style=\"color: #b04727; font-family: poiret one;\"><span style=\"font-size: 30px;\">SCULPTURES<\/span><\/span><\/p><\/h2><\/div><div class=\"fusion-text fusion-text-1 fusion-text-no-margin\" style=\"text-align:center;font-size:24px;color:#ffffff;font-family:&quot;Roboto&quot;;font-weight:300;margin-top:10px;margin-bottom:10px;\"><p style=\"text-align: center;\"><span style=\"color: #b04727;\"><span style=\"color: #b04727; font-family: Roboto book 300;\"><span style=\"font-size: 20px;\">1\u00a0 Se rencontrer pour bien conna\u00eetre vos id\u00e9es, vos souhaits, \u00e9tablir le devis<br \/>\n2\u00a0 Paiement pour accord et envoi du croquis<br \/>\n3\u00a0 R\u00e9alisation de la sculpture et envoi d&rsquo;une image pour accord<br \/>\n4\u00a0 S\u00e9chage et cuisson<br \/>\n5\u00a0 Remise de la sculpture en nos locaux<\/span><\/span><\/span><span style=\"color: #b04727;\"><br \/>\n<\/span><\/p>\n<\/div><\/div><style type=\"text\/css\">.fusion-body .fusion-builder-column-1{width:100% !important;margin-top : 0px;margin-bottom : 30px;}.fusion-builder-column-1 > .fusion-column-wrapper {padding-top : 0 !important;padding-right : 0 !important;margin-right : 0;padding-bottom : 0 !important;padding-left : 0 !important;margin-left : 0;}@media only screen and (max-width:1024px) {.fusion-body .fusion-builder-column-1{width:100% !important;order : 0;}.fusion-builder-column-1 > .fusion-column-wrapper {margin-right : 0;margin-left : 0;}}@media only screen and (max-width:500px) {.fusion-body .fusion-builder-column-1{width:100% !important;order : 0;}.fusion-builder-column-1 > .fusion-column-wrapper {margin-right : 1.92%;margin-left : 1.92%;}}<\/style><\/div><div class=\"fusion-layout-column fusion_builder_column fusion-builder-column-2 fusion_builder_column_1_1 1_1 fusion-flex-column\"><div class=\"fusion-column-wrapper fusion-flex-justify-content-flex-start fusion-content-layout-column\" style=\"background-position:left top;background-repeat:no-repeat;-webkit-background-size:cover;-moz-background-size:cover;-o-background-size:cover;background-size:cover;border-radius:30px 30px 30px 30px;border-radius:30px 30px 30px 30px;overflow:hidden;padding: 0px 0px 0px 0px;\"><style type=\"text\/css\">@media only screen and (max-width:1024px) {.fusion-title.fusion-title-3{margin-top:10px!important; margin-right:0px!important;margin-bottom:0px!important;margin-left:0px!important;}}@media only screen and (max-width:500px) {.fusion-title.fusion-title-3{margin-top:10px!important; margin-right:0px!important;margin-bottom:10px!important; margin-left:0px!important;}}<\/style><div class=\"fusion-title title fusion-title-3 fusion-sep-none fusion-title-center fusion-title-text fusion-title-size-two\" style=\"font-size:30px;margin-top:10px;margin-right:0px;margin-bottom:0px;margin-left:0px;\"><h2 class=\"title-heading-center\" style=\"font-family:&quot;poiret one&quot;;font-weight:400;margin:0;font-size:1em;\"><p style=\"text-align: center;\"><span style=\"color: #b04727; font-family: poiret one;\"><span style=\"font-size: 30px;\">PORTRAITS<\/span><\/span><\/p><\/h2><\/div><div class=\"fusion-text fusion-text-2 fusion-text-no-margin\" style=\"text-align:center;font-size:24px;color:#ffffff;font-family:&quot;Roboto&quot;;font-weight:300;margin-top:10px;\"><p style=\"text-align: center;\"><span style=\"color: #b04727;\"><span style=\"color: #b04727; font-family: Roboto book 300;\"><span style=\"font-size: 20px;\">D&rsquo;APRES PHOTOS<br \/>\n1 Envoi de votre photo suivi du sch\u00e9ma avec mesures et devis<br \/>\n2 Paiement<br \/>\n3 R\u00e9alisation de la sculpture et envoi d&rsquo;une image pour accord<br \/>\n4 S\u00e9chage et cuisson<br \/>\n5 Remise de la sculpture en nos locaux<\/span><\/span><\/span><span style=\"color: #b04727;\"><br \/>\n<\/span><\/p>\n<\/div><div class=\"fusion-text fusion-text-3 fusion-text-no-margin\" style=\"text-align:center;font-size:24px;color:#ffffff;font-family:&quot;Roboto&quot;;font-weight:300;margin-top:10px;margin-bottom:10px;\"><p style=\"text-align: center;\"><span style=\"color: #b04727;\"><span style=\"color: #b04727; font-family: Roboto book 300;\"><span style=\"font-size: 20px;\">STATUETTE PERSONALISEE<br \/>\n1\u00a0 Rencontre pour conna\u00eetre vos souhaits, caract\u00e9ristiques et \u00e9tablir le devis<br \/>\n2\u00a0 Paiement et envoi d&rsquo;un dessin pour accord<br \/>\n3\u00a0 R\u00e9alisation de la sculpture et envoi d&rsquo;une image pour accord<br \/>\n4\u00a0 S\u00e9chage et cuisson<br \/>\n5\u00a0 Remise de la sculpture en nos locaux<\/span><\/span><\/span><span style=\"color: #b04727;\"><br \/>\n<\/span><\/p>\n<\/div><\/div><style type=\"text\/css\">.fusion-body .fusion-builder-column-2{width:100% !important;margin-top : 0px;margin-bottom : 30px;}.fusion-builder-column-2 > .fusion-column-wrapper {padding-top : 0 !important;padding-right : 0 !important;margin-right : 0;padding-bottom : 0 !important;padding-left : 0 !important;margin-left : 0;}@media only screen and (max-width:1024px) {.fusion-body .fusion-builder-column-2{width:100% !important;order : 0;}.fusion-builder-column-2 > .fusion-column-wrapper {margin-right : 0;margin-left : 0;}}@media only screen and (max-width:500px) {.fusion-body .fusion-builder-column-2{width:100% !important;order : 0;}.fusion-builder-column-2 > .fusion-column-wrapper {margin-right : 1.92%;margin-left : 1.92%;}}<\/style><\/div><div class=\"fusion-layout-column fusion_builder_column fusion-builder-column-3 fusion_builder_column_1_1 1_1 fusion-flex-column\"><div class=\"fusion-column-wrapper fusion-flex-justify-content-flex-start fusion-content-layout-column\" style=\"background-position:left top;background-repeat:no-repeat;-webkit-background-size:cover;-moz-background-size:cover;-o-background-size:cover;background-size:cover;border-radius:30px 30px 30px 30px;border-radius:30px 30px 30px 30px;overflow:hidden;padding: 0px 0px 0px 0px;\"><div class=\"fusion-text fusion-text-4 fusion-text-no-margin\" style=\"text-align:center;font-size:24px;color:#ffffff;font-family:&quot;Roboto&quot;;font-weight:300;margin-top:5px;\"><p style=\"text-align: center;\"><span style=\"color: #b04727;\"><span style=\"color: #b04727; font-family: Roboto book 300;\"><span style=\"font-size: 20px;\">DELAI : <\/span><\/span><\/span><span style=\"color: #b04727;\"><span style=\"color: #b04727; font-family: Roboto book 300;\"><span style=\"font-size: 20px;\">\u00b11,5 mois selon le mod\u00e8le<\/span><\/span><br \/>\n<\/span><\/p>\n<\/div><div class=\"fusion-text fusion-text-5 fusion-text-no-margin\" style=\"text-align:center;font-size:24px;color:#ffffff;font-family:&quot;Roboto&quot;;font-weight:300;margin-top:5px;\"><p style=\"text-align: center;\"><span style=\"color: #b04727;\"><span style=\"color: #b04727; font-family: Roboto book 300;\"><span style=\"font-size: 20px;\">BUDGET : <\/span><\/span><\/span><span style=\"color: #b04727;\"><span style=\"color: #b04727; font-family: Roboto book 300;\"><span style=\"font-size: 20px;\">suivant devis<\/span><\/span><br \/>\n<\/span><\/p>\n<\/div><\/div><style type=\"text\/css\">.fusion-body .fusion-builder-column-3{width:100% !important;margin-top : 0px;margin-bottom : 20px;}.fusion-builder-column-3 > .fusion-column-wrapper {padding-top : 0 !important;padding-right : 0 !important;margin-right : 0;padding-bottom : 0 !important;padding-left : 0 !important;margin-left : 0;}@media only screen and (max-width:1024px) {.fusion-body .fusion-builder-column-3{width:100% !important;order : 0;}.fusion-builder-column-3 > .fusion-column-wrapper {margin-right : 0;margin-left : 0;}}@media only screen and (max-width:500px) {.fusion-body .fusion-builder-column-3{width:100% !important;order : 0;}.fusion-builder-column-3 > .fusion-column-wrapper {margin-right : 1.92%;margin-left : 1.92%;}}<\/style><\/div><div class=\"fusion-layout-column fusion_builder_column fusion-builder-column-4 fusion_builder_column_1_1 1_1 fusion-flex-column\"><div class=\"fusion-column-wrapper fusion-flex-justify-content-flex-start fusion-content-layout-column\" style=\"background-position:left top;background-repeat:no-repeat;-webkit-background-size:cover;-moz-background-size:cover;-o-background-size:cover;background-size:cover;padding: 20px 0px 0px 0px;\"><div style=\"text-align:center;\"><style>.fusion-button.button-1{border-color:#cf5531;border-width:1px 1px 1px 1px;border-radius:40px 40px 40px 40px;background:#ffffff;font-family:\"Roboto\";font-weight:400;}.fusion-button.button-1 .fusion-button-text,.fusion-button.button-1 i,.fusion-button.button-1:hover .fusion-button-text,.fusion-button.button-1:hover i,.fusion-button.button-1:focus .fusion-button-text,.fusion-button.button-1:focus i,.fusion-button.button-1:active .fusion-button-text,.fusion-button.button-1:active i{color:#cf5531;}.fusion-button.button-1:hover,.fusion-button.button-1:active,.fusion-button.button-1:focus{border-color:#cf5531;border-width:1px 1px 1px 1px;background:#ffffff;}<\/style><a class=\"fusion-button button-flat button-xlarge button-custom button-1 fusion-button-default-span fusion-button-default-type\" target=\"_self\" href=\"https:\/\/artmarc.be\/?page_id=118\" style=\"margin-top:0px;margin-right:0px;margin-bottom:20px;margin-left:0px;\"><i class=\"fa-hand-point-right fas button-icon-left\" aria-hidden=\"true\"><\/i><span class=\"fusion-button-text\">RENSEIGNEMENTS ET RENDEZ-VOUS<\/span><\/a><\/div><div style=\"text-align:center;\"><style>.fusion-button.button-2{border-color:#ffffff;border-width:1px 1px 1px 1px;border-radius:40px 40px 40px 40px;background:#cf5531;font-family:\"Roboto\";font-weight:400;}.fusion-button.button-2 .fusion-button-text,.fusion-button.button-2 i,.fusion-button.button-2:hover .fusion-button-text,.fusion-button.button-2:hover i,.fusion-button.button-2:focus .fusion-button-text,.fusion-button.button-2:focus i,.fusion-button.button-2:active .fusion-button-text,.fusion-button.button-2:active i{color:#ffffff;}.fusion-button.button-2:hover,.fusion-button.button-2:active,.fusion-button.button-2:focus{border-color:#ffffff;border-width:1px 1px 1px 1px;background:#cf5531;}<\/style><a class=\"fusion-button button-flat button-xlarge button-custom button-2 fusion-button-default-span fusion-button-default-type\" target=\"_self\" href=\"https:\/\/artmarc.be\/?page_id=1239\" style=\"margin-top:0px;margin-right:0px;margin-bottom:15px;margin-left:0px;\"><i class=\"fa-dice-d6 fas button-icon-left\" aria-hidden=\"true\"><\/i><span class=\"fusion-button-text\">IDEES &amp; CONCEPTS<\/span><\/a><\/div><div style=\"text-align:center;\"><style>.fusion-button.button-3{border-color:#ffffff;border-width:1px 1px 1px 1px;border-radius:40px 40px 40px 40px;background:#cf5531;font-family:\"Roboto\";font-weight:400;}.fusion-button.button-3 .fusion-button-text,.fusion-button.button-3 i,.fusion-button.button-3:hover .fusion-button-text,.fusion-button.button-3:hover i,.fusion-button.button-3:focus .fusion-button-text,.fusion-button.button-3:focus i,.fusion-button.button-3:active .fusion-button-text,.fusion-button.button-3:active i{color:#ffffff;}.fusion-button.button-3:hover,.fusion-button.button-3:active,.fusion-button.button-3:focus{border-color:#ffffff;border-width:1px 1px 1px 1px;background:#cf5531;}<\/style><a class=\"fusion-button button-flat button-xlarge button-custom button-3 fusion-button-default-span fusion-button-default-type\" target=\"_self\" href=\"https:\/\/artmarc.be\/?page_id=93\" style=\"margin-top:0px;margin-right:0px;margin-bottom:10px;margin-left:0px;\"><i class=\"fa-camera fas button-icon-left\" aria-hidden=\"true\"><\/i><span class=\"fusion-button-text\">PORTRAITS<\/span><\/a><\/div><div style=\"text-align:center;\"><style>.fusion-button.button-4{border-color:#ffffff;border-width:1px 1px 1px 1px;border-radius:40px 40px 40px 40px;background:#cf5531;font-family:\"Roboto\";font-weight:400;}.fusion-button.button-4 .fusion-button-text,.fusion-button.button-4 i,.fusion-button.button-4:hover .fusion-button-text,.fusion-button.button-4:hover i,.fusion-button.button-4:focus .fusion-button-text,.fusion-button.button-4:focus i,.fusion-button.button-4:active .fusion-button-text,.fusion-button.button-4:active i{color:#ffffff;}.fusion-button.button-4:hover,.fusion-button.button-4:active,.fusion-button.button-4:focus{border-color:#ffffff;border-width:1px 1px 1px 1px;background:#cf5531;}<\/style><a class=\"fusion-button button-flat button-xlarge button-custom button-4 fusion-button-default-span fusion-button-default-type\" target=\"_self\" href=\"https:\/\/artmarc.be\/\" style=\"margin-top:0px;margin-right:0px;margin-bottom:0px;margin-left:0px;\"><i class=\"fa-hand-point-right fas button-icon-left\" aria-hidden=\"true\"><\/i><span class=\"fusion-button-text\">ACCUEIL<\/span><\/a><\/div><\/div><style type=\"text\/css\">.fusion-body .fusion-builder-column-4{width:100% !important;margin-top : 0px;margin-bottom : 20px;}.fusion-builder-column-4 > .fusion-column-wrapper {padding-top : 20 !important;padding-right : 0px !important;margin-right : 1.92%;padding-bottom : 0px !important;padding-left : 0px !important;margin-left : 1.92%;}@media only screen and (max-width:1024px) {.fusion-body .fusion-builder-column-4{width:100% !important;order : 0;}.fusion-builder-column-4 > .fusion-column-wrapper {margin-right : 1.92%;margin-left : 1.92%;}}@media only screen and (max-width:500px) {.fusion-body .fusion-builder-column-4{width:100% !important;order : 0;}.fusion-builder-column-4 > .fusion-column-wrapper {margin-right : 1.92%;margin-left : 1.92%;}}<\/style><\/div><\/div><style type=\"text\/css\">.fusion-body .fusion-flex-container.fusion-builder-row-1{ padding-top : 0px;margin-top : 0px;padding-right : 0px;padding-bottom : 0px;margin-bottom : 0px;padding-left : 0px;}<\/style><\/div>\n","protected":false},"excerpt":{"rendered":"","protected":false},"author":1,"featured_media":0,"parent":0,"menu_order":0,"comment_status":"closed","ping_status":"closed","template":"","meta":{"footnotes":""},"class_list":["post-2201","page","type-page","status-publish","hentry"],"_links":{"self":[{"href":"https:\/\/artmarc.be\/index.php?rest_route=\/wp\/v2\/pages\/2201","targetHints":{"allow":["GET"]}}],"collection":[{"href":"https:\/\/artmarc.be\/index.php?rest_route=\/wp\/v2\/pages"}],"about":[{"href":"https:\/\/artmarc.be\/index.php?rest_route=\/wp\/v2\/types\/page"}],"author":[{"embeddable":true,"href":"https:\/\/artmarc.be\/index.php?rest_route=\/wp\/v2\/users\/1"}],"replies":[{"embeddable":true,"href":"https:\/\/artmarc.be\/index.php?rest_route=%2Fwp%2Fv2%2Fcomments&post=2201"}],"version-history":[{"count":31,"href":"https:\/\/artmarc.be\/index.php?rest_route=\/wp\/v2\/pages\/2201\/revisions"}],"predecessor-version":[{"id":2455,"href":"https:\/\/artmarc.be\/index.php?rest_route=\/wp\/v2\/pages\/2201\/revisions\/2455"}],"wp:attachment":[{"href":"https:\/\/artmarc.be\/index.php?rest_route=%2Fwp%2Fv2%2Fmedia&parent=2201"}],"curies":[{"name":"wp","href":"https:\/\/api.w.org\/{rel}","templated":true}]}}