{"id":93,"date":"2021-12-17T09:20:32","date_gmt":"2021-12-17T08:20:32","guid":{"rendered":"http:\/\/vrmln.be\/?page_id=93"},"modified":"2026-04-27T12:50:47","modified_gmt":"2026-04-27T10:50:47","slug":"expos","status":"publish","type":"page","link":"https:\/\/artmarc.be\/?page_id=93","title":{"rendered":"MARC VERMEULEN &#8211; SCULPTURE EN ARGILE &#8211; PORTRAITS"},"content":{"rendered":"<div id=\"\u00e0-partir-de-vos-photos\"><div class=\"fusion-fullwidth fullwidth-box fusion-builder-row-1 fusion-flex-container nonhundred-percent-fullwidth non-hundred-percent-height-scrolling\" style=\"background-color: rgba(255,255,255,0);background-position: center center;background-repeat: no-repeat;border-width: 0 0 0 0;border-color:#e2e2e2;border-style:solid;\" ><div class=\"fusion-builder-row fusion-row fusion-flex-align-items-flex-start\" style=\"max-width:1248px;margin-left: calc(-4% \/ 2 );margin-right: calc(-4% \/ 2 );\"><div class=\"fusion-layout-column fusion_builder_column fusion-builder-column-0 fusion_builder_column_1_1 1_1 fusion-flex-column\"><div class=\"fusion-column-wrapper fusion-flex-justify-content-flex-start fusion-content-layout-column\" style=\"background-position:left top;background-repeat:no-repeat;-webkit-background-size:cover;-moz-background-size:cover;-o-background-size:cover;background-size:cover;border-radius:30px 30px 0px 0px;border-radius:30px 30px 0px 0px;overflow:hidden;padding: 20px 5px 0px 5px;\"><style type=\"text\/css\">@media only screen and (max-width:1024px) {.fusion-title.fusion-title-1{margin-top:0px!important; margin-right:0px!important;margin-bottom:0px!important;margin-left:0px!important;}}@media only screen and (max-width:500px) {.fusion-title.fusion-title-1{margin-top:10px!important; margin-right:0px!important;margin-bottom:10px!important; margin-left:0px!important;}}<\/style><div class=\"fusion-title title fusion-title-1 fusion-sep-none fusion-title-center fusion-title-text fusion-title-size-one\" style=\"font-size:40px;margin-top:0px;margin-right:0px;margin-bottom:0px;margin-left:0px;\"><h1 class=\"title-heading-center\" style=\"font-family:&quot;poiret one&quot;;font-weight:400;margin:0;font-size:1em;\"><p style=\"text-align: center;\"><span style=\"color: #bb452b; font-family: poiret one;\"><span style=\"font-size: 40px;\">Vos portraits uniques et originaux<\/span><\/span><\/p><\/h1><\/div><div class=\"fusion-text fusion-text-1 fusion-text-no-margin\" style=\"text-align:center;font-size:24px;color:#ffffff;font-family:&quot;Roboto&quot;;font-weight:300;margin-right:15px;margin-left:15px;\"><p style=\"text-align: center;\"><span style=\"color: #bb452b;\">Les meilleures id\u00e9es de cadeaux personnalis\u00e9s pour tous vos \u00e9v\u00e9nements<br \/>\n<\/span><\/p>\n<\/div><div class=\"fusion-builder-row fusion-builder-row-inner fusion-row fusion-flex-align-items-flex-start\" style=\"width:104% !important;max-width:104% !important;margin-left: calc(-4% \/ 2 );margin-right: calc(-4% \/ 2 );\"><div class=\"fusion-layout-column fusion_builder_column_inner fusion-builder-nested-column-0 fusion_builder_column_inner_1_4 1_4 fusion-flex-column\"><div class=\"fusion-column-wrapper fusion-flex-justify-content-flex-start fusion-content-layout-column\" style=\"background-position:left top;background-repeat:no-repeat;-webkit-background-size:cover;-moz-background-size:cover;-o-background-size:cover;background-size:cover;padding: 0px 0px 0px 0px;\"><div style=\"text-align:center;\"><style>.fusion-imageframe.imageframe-1{ margin-top : 20px;}<\/style><span class=\" fusion-imageframe imageframe-none imageframe-1 hover-type-none\"><img decoding=\"async\" width=\"180\" height=\"300\" alt=\"Marc-Vermeulen-artmarc-sculpture-argile-orp-jauche-terre-ceramique-joe-dassin\" title=\"Marc-Vermeulen-artmarc-sculpture-argile-orp-jauche-terre-ceramique-joe-dassin 12&#215;72\" src=\"http:\/\/artmarc.be\/wp-content\/uploads\/2026\/01\/Marc-Vermeulen-artmarc-sculpture-argile-orp-jauche-terre-ceramique-joe-dassin-12x72-1-180x300.png\" class=\"img-responsive wp-image-2329\" srcset=\"https:\/\/artmarc.be\/wp-content\/uploads\/2026\/01\/Marc-Vermeulen-artmarc-sculpture-argile-orp-jauche-terre-ceramique-joe-dassin-12x72-1-200x333.png 200w, https:\/\/artmarc.be\/wp-content\/uploads\/2026\/01\/Marc-Vermeulen-artmarc-sculpture-argile-orp-jauche-terre-ceramique-joe-dassin-12x72-1.png 204w\" sizes=\"(max-width: 500px) 100vw, 180px\" \/><\/span><\/div><\/div><style type=\"text\/css\">.fusion-body .fusion-builder-nested-column-0{width:25% !important;margin-top : 0px;margin-bottom : 20px;}.fusion-builder-nested-column-0 > .fusion-column-wrapper {padding-top : 0px !important;padding-right : 0px !important;margin-right : 7.68%;padding-bottom : 0px !important;padding-left : 0px !important;margin-left : 7.68%;}@media only screen and (max-width:1024px) {.fusion-body .fusion-builder-nested-column-0{width:25% !important;order : 0;}.fusion-builder-nested-column-0 > .fusion-column-wrapper {margin-right : 7.68%;margin-left : 7.68%;}}@media only screen and (max-width:500px) {.fusion-body .fusion-builder-nested-column-0{width:100% !important;order : 0;}.fusion-builder-nested-column-0 > .fusion-column-wrapper {margin-right : 1.92%;margin-left : 1.92%;}}<\/style><\/div><div class=\"fusion-layout-column fusion_builder_column_inner fusion-builder-nested-column-1 fusion_builder_column_inner_1_4 1_4 fusion-flex-column\"><div class=\"fusion-column-wrapper fusion-flex-justify-content-flex-start fusion-content-layout-column\" style=\"background-position:left top;background-repeat:no-repeat;-webkit-background-size:cover;-moz-background-size:cover;-o-background-size:cover;background-size:cover;padding: 0px 0px 0px 0px;\"><div style=\"text-align:center;\"><style>.fusion-imageframe.imageframe-2{ margin-top : 20px;}<\/style><span class=\" fusion-imageframe imageframe-none imageframe-2 hover-type-none\"><img decoding=\"async\" width=\"210\" height=\"300\" title=\"Marc-Vermeulen-sculpture-terre-argile-atelier-orp-jauche-violoncelle-musique\" src=\"http:\/\/artmarc.be\/wp-content\/uploads\/2025\/03\/Marc-Vermeulen-sculpture-terre-argile-atelier-orp-jauche-violoncelle-musique-210x300.png\" alt class=\"img-responsive wp-image-1633\" srcset=\"https:\/\/artmarc.be\/wp-content\/uploads\/2025\/03\/Marc-Vermeulen-sculpture-terre-argile-atelier-orp-jauche-violoncelle-musique-200x286.png 200w, https:\/\/artmarc.be\/wp-content\/uploads\/2025\/03\/Marc-Vermeulen-sculpture-terre-argile-atelier-orp-jauche-violoncelle-musique.png 238w\" sizes=\"(max-width: 500px) 100vw, 210px\" \/><\/span><\/div><\/div><style type=\"text\/css\">.fusion-body .fusion-builder-nested-column-1{width:25% !important;margin-top : 0px;margin-bottom : 20px;}.fusion-builder-nested-column-1 > .fusion-column-wrapper {padding-top : 0px !important;padding-right : 0px !important;margin-right : 7.68%;padding-bottom : 0px !important;padding-left : 0px !important;margin-left : 7.68%;}@media only screen and (max-width:1024px) {.fusion-body .fusion-builder-nested-column-1{width:25% !important;order : 0;}.fusion-builder-nested-column-1 > .fusion-column-wrapper {margin-right : 7.68%;margin-left : 7.68%;}}@media only screen and (max-width:500px) {.fusion-body .fusion-builder-nested-column-1{width:100% !important;order : 0;}.fusion-builder-nested-column-1 > .fusion-column-wrapper {margin-right : 1.92%;margin-left : 1.92%;}}<\/style><\/div><div class=\"fusion-layout-column fusion_builder_column_inner fusion-builder-nested-column-2 fusion_builder_column_inner_1_4 1_4 fusion-flex-column\"><div class=\"fusion-column-wrapper fusion-flex-justify-content-flex-start fusion-content-layout-column\" style=\"background-position:left top;background-repeat:no-repeat;-webkit-background-size:cover;-moz-background-size:cover;-o-background-size:cover;background-size:cover;padding: 0px 0px 0px 0px;\"><div style=\"text-align:center;\"><style>.fusion-imageframe.imageframe-3{ margin-top : 20px;}<\/style><span class=\" fusion-imageframe imageframe-none imageframe-3 hover-type-none\"><img decoding=\"async\" width=\"300\" height=\"212\" alt=\"marc vermeulen sculpture famille argile terre atelier orp-jauche\" title=\"marc vermeulen sculpture famille argile terre 11x8x72\" src=\"http:\/\/artmarc.be\/wp-content\/uploads\/2024\/06\/marc-vermeulen-sculpture-famille-argile-terre-11x8x72-300x212.png\" class=\"img-responsive wp-image-1122\" srcset=\"https:\/\/artmarc.be\/wp-content\/uploads\/2024\/06\/marc-vermeulen-sculpture-famille-argile-terre-11x8x72-200x141.png 200w, https:\/\/artmarc.be\/wp-content\/uploads\/2024\/06\/marc-vermeulen-sculpture-famille-argile-terre-11x8x72.png 321w\" sizes=\"(max-width: 500px) 100vw, 300px\" \/><\/span><\/div><\/div><style type=\"text\/css\">.fusion-body .fusion-builder-nested-column-2{width:25% !important;margin-top : 0px;margin-bottom : 20px;}.fusion-builder-nested-column-2 > .fusion-column-wrapper {padding-top : 0px !important;padding-right : 0px !important;margin-right : 7.68%;padding-bottom : 0px !important;padding-left : 0px !important;margin-left : 7.68%;}@media only screen and (max-width:1024px) {.fusion-body .fusion-builder-nested-column-2{width:25% !important;order : 0;}.fusion-builder-nested-column-2 > .fusion-column-wrapper {margin-right : 7.68%;margin-left : 7.68%;}}@media only screen and (max-width:500px) {.fusion-body .fusion-builder-nested-column-2{width:100% !important;order : 0;}.fusion-builder-nested-column-2 > .fusion-column-wrapper {margin-right : 1.92%;margin-left : 1.92%;}}<\/style><\/div><div class=\"fusion-layout-column fusion_builder_column_inner fusion-builder-nested-column-3 fusion_builder_column_inner_1_4 1_4 fusion-flex-column\"><div class=\"fusion-column-wrapper fusion-flex-justify-content-flex-start fusion-content-layout-column\" style=\"background-position:left top;background-repeat:no-repeat;-webkit-background-size:cover;-moz-background-size:cover;-o-background-size:cover;background-size:cover;padding: 0px 0px 0px 0px;\"><div style=\"text-align:center;\"><style>.fusion-imageframe.imageframe-4{ margin-top : 20px;}<\/style><span class=\" fusion-imageframe imageframe-none imageframe-4 hover-type-none\"><img decoding=\"async\" width=\"300\" height=\"145\" alt=\"marc-vermeulen-sculpture-atelier-orp-jauche-argile-banc-silhouette-famille-terre\" title=\"marc vermeulen sculpture famille terre argile 18x9x72 111904\" src=\"http:\/\/artmarc.be\/wp-content\/uploads\/2024\/06\/marc-vermeulen-sculpture-famille-terre-argile-18x9x72-111904-300x145.png\" class=\"img-responsive wp-image-1123\" srcset=\"https:\/\/artmarc.be\/wp-content\/uploads\/2024\/06\/marc-vermeulen-sculpture-famille-terre-argile-18x9x72-111904-200x96.png 200w, https:\/\/artmarc.be\/wp-content\/uploads\/2024\/06\/marc-vermeulen-sculpture-famille-terre-argile-18x9x72-111904-400x193.png 400w, https:\/\/artmarc.be\/wp-content\/uploads\/2024\/06\/marc-vermeulen-sculpture-famille-terre-argile-18x9x72-111904.png 529w\" sizes=\"(max-width: 500px) 100vw, 400px\" \/><\/span><\/div><\/div><style type=\"text\/css\">.fusion-body .fusion-builder-nested-column-3{width:25% !important;margin-top : 0px;margin-bottom : 20px;}.fusion-builder-nested-column-3 > .fusion-column-wrapper {padding-top : 0px !important;padding-right : 0px !important;margin-right : 7.68%;padding-bottom : 0px !important;padding-left : 0px !important;margin-left : 7.68%;}@media only screen and (max-width:1024px) {.fusion-body .fusion-builder-nested-column-3{width:25% !important;order : 0;}.fusion-builder-nested-column-3 > .fusion-column-wrapper {margin-right : 7.68%;margin-left : 7.68%;}}@media only screen and (max-width:500px) {.fusion-body .fusion-builder-nested-column-3{width:100% !important;order : 0;}.fusion-builder-nested-column-3 > .fusion-column-wrapper {margin-right : 1.92%;margin-left : 1.92%;}}<\/style><\/div><div class=\"fusion-layout-column fusion_builder_column_inner fusion-builder-nested-column-4 fusion_builder_column_inner_1_4 1_4 fusion-flex-column\"><div class=\"fusion-column-wrapper fusion-flex-justify-content-flex-start fusion-content-layout-column\" style=\"background-position:left top;background-repeat:no-repeat;-webkit-background-size:cover;-moz-background-size:cover;-o-background-size:cover;background-size:cover;padding: 0px 0px 0px 0px;\"><div style=\"text-align:center;\"><style>.fusion-imageframe.imageframe-5{ margin-top : 20px;}<\/style><span class=\" fusion-imageframe imageframe-none imageframe-5 hover-type-none\"><img decoding=\"async\" width=\"181\" height=\"300\" alt=\"marc vermeulen sculpture couple terre argile atelier orp-jauche\" title=\"marc vermeulen sculpture couple terre argile 122721 7x12x72\" src=\"http:\/\/artmarc.be\/wp-content\/uploads\/2024\/06\/marc-vermeulen-sculpture-couple-terre-argile-122721-7x12x72-181x300.png\" class=\"img-responsive wp-image-1109\" srcset=\"https:\/\/artmarc.be\/wp-content\/uploads\/2024\/06\/marc-vermeulen-sculpture-couple-terre-argile-122721-7x12x72-200x332.png 200w, https:\/\/artmarc.be\/wp-content\/uploads\/2024\/06\/marc-vermeulen-sculpture-couple-terre-argile-122721-7x12x72.png 205w\" sizes=\"(max-width: 500px) 100vw, 181px\" \/><\/span><\/div><\/div><style type=\"text\/css\">.fusion-body .fusion-builder-nested-column-4{width:25% !important;margin-top : 0px;margin-bottom : 20px;}.fusion-builder-nested-column-4 > .fusion-column-wrapper {padding-top : 0px !important;padding-right : 0px !important;margin-right : 7.68%;padding-bottom : 0px !important;padding-left : 0px !important;margin-left : 7.68%;}@media only screen and (max-width:1024px) {.fusion-body .fusion-builder-nested-column-4{width:25% !important;order : 0;}.fusion-builder-nested-column-4 > .fusion-column-wrapper {margin-right : 7.68%;margin-left : 7.68%;}}@media only screen and (max-width:500px) {.fusion-body .fusion-builder-nested-column-4{width:100% !important;order : 0;}.fusion-builder-nested-column-4 > .fusion-column-wrapper {margin-right : 1.92%;margin-left : 1.92%;}}<\/style><\/div><\/div><\/div><style type=\"text\/css\">.fusion-body .fusion-builder-column-0{width:100% !important;margin-top : 0px;margin-bottom : 0px;}.fusion-builder-column-0 > .fusion-column-wrapper {padding-top : 20 !important;padding-right : 5 !important;margin-right : 0;padding-bottom : 0 !important;padding-left : 5 !important;margin-left : 0;}@media only screen and (max-width:1024px) {.fusion-body .fusion-builder-column-0{width:100% !important;order : 0;}.fusion-builder-column-0 > .fusion-column-wrapper {margin-right : 0;margin-left : 0;}}@media only screen and (max-width:500px) {.fusion-body .fusion-builder-column-0{width:100% !important;order : 0;}.fusion-builder-column-0 > .fusion-column-wrapper {margin-right : 1.92%;margin-left : 1.92%;}}<\/style><\/div><div class=\"fusion-layout-column fusion_builder_column fusion-builder-column-1 fusion_builder_column_1_1 1_1 fusion-flex-column\"><div class=\"fusion-column-wrapper fusion-flex-justify-content-flex-start fusion-content-layout-column\" style=\"background-position:left top;background-repeat:no-repeat;-webkit-background-size:cover;-moz-background-size:cover;-o-background-size:cover;background-size:cover;padding: 20px 0px 0px 0px;\"><div style=\"text-align:center;\"><style>.fusion-button.button-1{border-color:#ffffff;border-width:1px 1px 1px 1px;border-radius:40px 40px 40px 40px;background:#cf5531;font-family:\"Roboto\";font-weight:400;}.fusion-button.button-1 .fusion-button-text,.fusion-button.button-1 i,.fusion-button.button-1:hover .fusion-button-text,.fusion-button.button-1:hover i,.fusion-button.button-1:focus .fusion-button-text,.fusion-button.button-1:focus i,.fusion-button.button-1:active .fusion-button-text,.fusion-button.button-1:active i{color:#ffffff;}.fusion-button.button-1:hover,.fusion-button.button-1:active,.fusion-button.button-1:focus{border-color:#ffffff;border-width:1px 1px 1px 1px;background:#cf5531;}<\/style><a class=\"fusion-button button-flat button-xlarge button-custom button-1 fusion-button-default-span fusion-button-default-type\" target=\"_self\" href=\"https:\/\/artmarc.be\/?page_id=1239\" style=\"margin-top:0px;margin-right:0px;margin-bottom:15px;margin-left:0px;\"><i class=\"fa-dice-d6 fas button-icon-left\" aria-hidden=\"true\"><\/i><span class=\"fusion-button-text\">IDEES &amp; CONCEPTS<\/span><\/a><\/div><div style=\"text-align:center;\"><style>.fusion-button.button-2{border-color:#bb452b;border-width:1px 1px 1px 1px;border-radius:40px 40px 40px 40px;background:#ffffff;font-family:\"Roboto\";font-weight:400;}.fusion-button.button-2 .fusion-button-text,.fusion-button.button-2 i,.fusion-button.button-2:hover .fusion-button-text,.fusion-button.button-2:hover i,.fusion-button.button-2:focus .fusion-button-text,.fusion-button.button-2:focus i,.fusion-button.button-2:active .fusion-button-text,.fusion-button.button-2:active i{color:#bb452b;}.fusion-button.button-2:hover,.fusion-button.button-2:active,.fusion-button.button-2:focus{border-color:#bb452b;border-width:1px 1px 1px 1px;background:#ffffff;}<\/style><a class=\"fusion-button button-flat button-xlarge button-custom button-2 fusion-button-default-span fusion-button-default-type\" target=\"_self\" href=\"https:\/\/artmarc.be\/?page_id=2201\" style=\"margin-top:0px;margin-right:0px;margin-bottom:15px;margin-left:0px;\"><i class=\"fa-hand-point-right fas button-icon-left\" aria-hidden=\"true\"><\/i><span class=\"fusion-button-text\">POUR COMMANDER<\/span><\/a><\/div><div style=\"text-align:center;\"><style>.fusion-button.button-3{border-color:#ffffff;border-width:1px 1px 1px 1px;border-radius:40px 40px 40px 40px;background:#bb452b;font-family:\"Roboto\";font-weight:400;}.fusion-button.button-3 .fusion-button-text,.fusion-button.button-3 i,.fusion-button.button-3:hover .fusion-button-text,.fusion-button.button-3:hover i,.fusion-button.button-3:focus .fusion-button-text,.fusion-button.button-3:focus i,.fusion-button.button-3:active .fusion-button-text,.fusion-button.button-3:active i{color:#ffffff;}.fusion-button.button-3:hover,.fusion-button.button-3:active,.fusion-button.button-3:focus{border-color:#ffffff;border-width:1px 1px 1px 1px;background:#bb452b;}<\/style><a class=\"fusion-button button-flat button-xlarge button-custom button-3 fusion-button-default-span fusion-button-default-type\" target=\"_self\" href=\"https:\/\/artmarc.be\/\" style=\"margin-top:0px;\"><i class=\"fa-hand-point-right fas button-icon-left\" aria-hidden=\"true\"><\/i><span class=\"fusion-button-text\">ACCUEIL<\/span><\/a><\/div><\/div><style type=\"text\/css\">.fusion-body .fusion-builder-column-1{width:100% !important;margin-top : 0px;margin-bottom : 0px;}.fusion-builder-column-1 > .fusion-column-wrapper {padding-top : 20 !important;padding-right : 0px !important;margin-right : 1.92%;padding-bottom : 0px !important;padding-left : 0px !important;margin-left : 1.92%;}@media only screen and (max-width:1024px) {.fusion-body .fusion-builder-column-1{width:100% !important;order : 0;}.fusion-builder-column-1 > .fusion-column-wrapper {margin-right : 1.92%;margin-left : 1.92%;}}@media only screen and (max-width:500px) {.fusion-body .fusion-builder-column-1{width:100% !important;order : 0;}.fusion-builder-column-1 > .fusion-column-wrapper {margin-right : 1.92%;margin-left : 1.92%;}}<\/style><\/div><\/div><style type=\"text\/css\">.fusion-body .fusion-flex-container.fusion-builder-row-1{ padding-top : 0px;margin-top : 0;padding-right : 0px;padding-bottom : 0px;margin-bottom : 0;padding-left : 0px;}<\/style><\/div><\/div>\n","protected":false},"excerpt":{"rendered":"","protected":false},"author":1,"featured_media":0,"parent":0,"menu_order":0,"comment_status":"closed","ping_status":"closed","template":"","meta":{"footnotes":""},"class_list":["post-93","page","type-page","status-publish","hentry"],"_links":{"self":[{"href":"https:\/\/artmarc.be\/index.php?rest_route=\/wp\/v2\/pages\/93","targetHints":{"allow":["GET"]}}],"collection":[{"href":"https:\/\/artmarc.be\/index.php?rest_route=\/wp\/v2\/pages"}],"about":[{"href":"https:\/\/artmarc.be\/index.php?rest_route=\/wp\/v2\/types\/page"}],"author":[{"embeddable":true,"href":"https:\/\/artmarc.be\/index.php?rest_route=\/wp\/v2\/users\/1"}],"replies":[{"embeddable":true,"href":"https:\/\/artmarc.be\/index.php?rest_route=%2Fwp%2Fv2%2Fcomments&post=93"}],"version-history":[{"count":253,"href":"https:\/\/artmarc.be\/index.php?rest_route=\/wp\/v2\/pages\/93\/revisions"}],"predecessor-version":[{"id":2464,"href":"https:\/\/artmarc.be\/index.php?rest_route=\/wp\/v2\/pages\/93\/revisions\/2464"}],"wp:attachment":[{"href":"https:\/\/artmarc.be\/index.php?rest_route=%2Fwp%2Fv2%2Fmedia&parent=93"}],"curies":[{"name":"wp","href":"https:\/\/api.w.org\/{rel}","templated":true}]}}